{"id":822,"date":"2016-12-01T11:40:18","date_gmt":"2016-12-01T11:40:18","guid":{"rendered":"https:\/\/hilfe.telekom-cloudcenter.de\/?page_id=822"},"modified":"2016-12-01T11:50:01","modified_gmt":"2016-12-01T11:50:01","slug":"whiteliste","status":"publish","type":"page","link":"https:\/\/hilfe.telekom-cloudcenter.de\/index.php\/produkte\/microsoft-exchange\/benutzung-der-zusatzdienste\/quarantaneboxen-verwalten\/whiteliste\/","title":{"rendered":"Whitelist"},"content":{"rendered":"<p>Hier k\u00f6nnen einzelne E-Mail-Adressen oder ganze Dom\u00e4nen zur pers\u00f6nlichen &#8220;Whitelist&#8221; hinzugef\u00fcgt \/ gel\u00f6scht werden. Die in einer Whitelist aufgef\u00fchrten Dom\u00e4nen oder E-Mail-Adressen werden von der Spam-\u00dcberpr\u00fcfung ausgenommen und nicht in das Quarant\u00e4ne-Postfach sondern das normale Postfach zugestellt.<\/p>\n<p>Es gibt sowohl eine Whitelist f\u00fcr alle Benutzer einer Dom\u00e4ne als auch eine Whitelist, die nur f\u00fcr einen Benutzer gilt und deren Pflege auch nur durch diesen Benutzer gehandhabt wird. Dom\u00e4nenweite Eintr\u00e4ge werden durch diese Einstellungen nicht beeinflusst.<\/p>\n<p>Die hier eingetragenen Absender werden von der Spam-Erkennung ausgenommen. Es k\u00f6nnen sowohl E-Mail-Adressen als auch Domains (@example.com) angegeben werden.<\/p>\n<p><strong>Hinweis: F\u00fcr diese Sender erfolgt kein Anti-Spam Check, mit Ausnahme von Nachrichten mit mehr als einem Recipient (Empf\u00e4nger). In diesem Fall erfolgt ein AS-Check ohne Markierung.<\/strong><\/p>\n<p><a href=\"https:\/\/hilfe.telekom-cloudcenter.de\/wp-content\/uploads\/2016\/12\/25.jpg\"><img decoding=\"async\" loading=\"lazy\" class=\"alignnone size-full wp-image-825\" src=\"https:\/\/hilfe.telekom-cloudcenter.de\/wp-content\/uploads\/2016\/12\/25.jpg\" alt=\"25\" width=\"607\" height=\"269\" srcset=\"https:\/\/hilfe.telekom-cloudcenter.de\/wp-content\/uploads\/2016\/12\/25.jpg 607w, https:\/\/hilfe.telekom-cloudcenter.de\/wp-content\/uploads\/2016\/12\/25-300x133.jpg 300w\" sizes=\"(max-width: 607px) 100vw, 607px\" \/><\/a><\/p>\n<p><strong><em>Neue Whitelist anlegen <\/em><\/strong><\/p>\n<p>Die Neuanlage von Whitelist Eintr\u00e4gen erfolgt \u00fcber diesen Button.<\/p>\n<p><strong><em>Filterkriterien <\/em><\/strong><\/p>\n<ul>\n<li>Von<\/li>\n<li>An<\/li>\n<\/ul>\n<p><strong><em>Von <\/em><\/strong><\/p>\n<p>E-Mail-Adresse oder Domain des Senders.<\/p>\n<p><strong><em>An<\/em><\/strong><\/p>\n<p>E-Mail-Adresse oder Domain des Empf\u00e4ngers.<\/p>\n<hr \/>\n<p><strong>Neue Whitelist anlegen<\/strong><\/p>\n<p><a href=\"https:\/\/hilfe.telekom-cloudcenter.de\/wp-content\/uploads\/2016\/12\/26.jpg\"><img decoding=\"async\" loading=\"lazy\" class=\"alignnone size-full wp-image-826\" src=\"https:\/\/hilfe.telekom-cloudcenter.de\/wp-content\/uploads\/2016\/12\/26.jpg\" alt=\"26\" width=\"556\" height=\"352\" srcset=\"https:\/\/hilfe.telekom-cloudcenter.de\/wp-content\/uploads\/2016\/12\/26.jpg 556w, https:\/\/hilfe.telekom-cloudcenter.de\/wp-content\/uploads\/2016\/12\/26-300x190.jpg 300w\" sizes=\"(max-width: 556px) 100vw, 556px\" \/><\/a><\/p>\n<p><strong><em>Von <\/em><\/strong><\/p>\n<p>E-Mail-Adresse (xxx@example.com) oder Domain (@example.com) des Senders. Eingabe von &#8220;@&#8221; f\u00fcr leere Absender-Adressen. Es k\u00f6nnen mehrere Adressen mit Trennzeichen (Komma oder Semikolon) eingegeben werden.<\/p>\n<p><strong><em>An <\/em><\/strong><\/p>\n<p>E-Mail-Adresse (xxx@localexample.com) oder Domain (@localexample.com) des Empf\u00e4ngers. Es k\u00f6nnen mehrere Adressen mit Trennzeichen (Komma oder Semikolon) eingegeben werden.<\/p>\n<hr \/>\n<p><strong>Whiteliste bearbeiten<\/strong><\/p>\n<p>Eintrag kann nur angezeigt, aber nicht bearbeitet werden. Um einen Eintrag zu \u00e4ndern, muss dieser im Bereich Administration gel\u00f6scht und anschlie\u00dfend neu angelegt werden.<\/p>\n<p><a href=\"https:\/\/hilfe.saase.local\/wp-content\/uploads\/2016\/12\/27.jpg\"><img decoding=\"async\" loading=\"lazy\" class=\"alignnone size-full wp-image-827\" src=\"https:\/\/hilfe.saase.local\/wp-content\/uploads\/2016\/12\/27.jpg\" alt=\"27\" width=\"554\" height=\"461\" srcset=\"https:\/\/hilfe.telekom-cloudcenter.de\/wp-content\/uploads\/2016\/12\/27.jpg 554w, https:\/\/hilfe.telekom-cloudcenter.de\/wp-content\/uploads\/2016\/12\/27-300x250.jpg 300w\" sizes=\"(max-width: 554px) 100vw, 554px\" \/><\/a><\/p>\n<p>&nbsp;<\/p>\n","protected":false},"excerpt":{"rendered":"<p>Hier k\u00f6nnen einzelne E-Mail-Adressen oder ganze Dom\u00e4nen zur pers\u00f6nlichen &#8220;Whitelist&#8221; hinzugef\u00fcgt \/ gel\u00f6scht werden. Die in einer Whitelist aufgef\u00fchrten Dom\u00e4nen oder E-Mail-Adressen werden von der Spam-\u00dcberpr\u00fcfung ausgenommen und nicht in das Quarant\u00e4ne-Postfach sondern das normale Postfach zugestellt. Es gibt sowohl eine Whitelist f\u00fcr alle Benutzer einer Dom\u00e4ne als auch eine Whitelist, die nur f\u00fcr einen&#8230; <a href=\"https:\/\/hilfe.telekom-cloudcenter.de\/index.php\/produkte\/microsoft-exchange\/benutzung-der-zusatzdienste\/quarantaneboxen-verwalten\/whiteliste\/\">read more &raquo;<\/a><\/p>\n","protected":false},"author":1,"featured_media":0,"parent":725,"menu_order":0,"comment_status":"closed","ping_status":"closed","template":"","meta":{"footnotes":""},"_links":{"self":[{"href":"https:\/\/hilfe.telekom-cloudcenter.de\/index.php\/wp-json\/wp\/v2\/pages\/822"}],"collection":[{"href":"https:\/\/hilfe.telekom-cloudcenter.de\/index.php\/wp-json\/wp\/v2\/pages"}],"about":[{"href":"https:\/\/hilfe.telekom-cloudcenter.de\/index.php\/wp-json\/wp\/v2\/types\/page"}],"author":[{"embeddable":true,"href":"https:\/\/hilfe.telekom-cloudcenter.de\/index.php\/wp-json\/wp\/v2\/users\/1"}],"replies":[{"embeddable":true,"href":"https:\/\/hilfe.telekom-cloudcenter.de\/index.php\/wp-json\/wp\/v2\/comments?post=822"}],"version-history":[{"count":4,"href":"https:\/\/hilfe.telekom-cloudcenter.de\/index.php\/wp-json\/wp\/v2\/pages\/822\/revisions"}],"predecessor-version":[{"id":829,"href":"https:\/\/hilfe.telekom-cloudcenter.de\/index.php\/wp-json\/wp\/v2\/pages\/822\/revisions\/829"}],"up":[{"embeddable":true,"href":"https:\/\/hilfe.telekom-cloudcenter.de\/index.php\/wp-json\/wp\/v2\/pages\/725"}],"wp:attachment":[{"href":"https:\/\/hilfe.telekom-cloudcenter.de\/index.php\/wp-json\/wp\/v2\/media?parent=822"}],"curies":[{"name":"wp","href":"https:\/\/api.w.org\/{rel}","templated":true}]}}