{"id":834,"date":"2016-12-01T12:05:24","date_gmt":"2016-12-01T12:05:24","guid":{"rendered":"https:\/\/hilfe.telekom-cloudcenter.de\/?page_id=834"},"modified":"2016-12-01T12:05:24","modified_gmt":"2016-12-01T12:05:24","slug":"mailbox-administration","status":"publish","type":"page","link":"https:\/\/hilfe.telekom-cloudcenter.de\/index.php\/produkte\/microsoft-exchange\/benutzung-der-zusatzdienste\/quarantaneboxen-verwalten\/mailbox-administration\/","title":{"rendered":"Mailbox Administration"},"content":{"rendered":"<p>Hier erfolgt die Anlage von Junkmailboxen f\u00fcr geroutete E-Mail-Adressen. Alle Adressen, die hier verwendet werden, m\u00fcssen zun\u00e4chst im Men\u00fc <em><u>Routing<\/u><\/em> angelegt worden sein.<\/p>\n<p><a href=\"https:\/\/hilfe.telekom-cloudcenter.de\/wp-content\/uploads\/2016\/12\/28.jpg\"><img decoding=\"async\" loading=\"lazy\" class=\"alignnone size-full wp-image-835\" src=\"https:\/\/hilfe.telekom-cloudcenter.de\/wp-content\/uploads\/2016\/12\/28.jpg\" alt=\"28\" width=\"651\" height=\"279\" srcset=\"https:\/\/hilfe.telekom-cloudcenter.de\/wp-content\/uploads\/2016\/12\/28.jpg 651w, https:\/\/hilfe.telekom-cloudcenter.de\/wp-content\/uploads\/2016\/12\/28-300x129.jpg 300w\" sizes=\"(max-width: 651px) 100vw, 651px\" \/><\/a><\/p>\n<p><strong><em>Neue Mailbox anlegen <\/em><\/strong><\/p>\n<p>Die Neuanlage von Mailboxen erfolgt \u00fcber diesen Button.<\/p>\n<p><strong><em>Filterkriterien <\/em><\/strong><\/p>\n<ul>\n<li>Benutzername<\/li>\n<li>Name<\/li>\n<li>Domain<\/li>\n<\/ul>\n<p><strong><em>Benutzername <\/em><\/strong><\/p>\n<p>E-Mail-Adresse des Benutzers.<\/p>\n<p><strong><em>Mailbox COS <\/em><\/strong><\/p>\n<p>Mailbox Service-Klasse, die dem Benutzer zugeordnet wurde.<\/p>\n<hr \/>\n<p><strong>Neue Mailbox anlegen<\/strong><\/p>\n<p><a href=\"https:\/\/hilfe.telekom-cloudcenter.de\/wp-content\/uploads\/2016\/12\/29.jpg\"><img decoding=\"async\" loading=\"lazy\" class=\"alignnone size-full wp-image-836\" src=\"https:\/\/hilfe.telekom-cloudcenter.de\/wp-content\/uploads\/2016\/12\/29.jpg\" alt=\"29\" width=\"740\" height=\"738\" srcset=\"https:\/\/hilfe.telekom-cloudcenter.de\/wp-content\/uploads\/2016\/12\/29.jpg 740w, https:\/\/hilfe.telekom-cloudcenter.de\/wp-content\/uploads\/2016\/12\/29-150x150.jpg 150w, https:\/\/hilfe.telekom-cloudcenter.de\/wp-content\/uploads\/2016\/12\/29-300x299.jpg 300w, https:\/\/hilfe.telekom-cloudcenter.de\/wp-content\/uploads\/2016\/12\/29-100x100.jpg 100w\" sizes=\"(max-width: 740px) 100vw, 740px\" \/><\/a><\/p>\n<p><strong><em>Benutzername <\/em><\/strong><\/p>\n<p>Standard E-Mail Adresse.<\/p>\n<p><strong><em>Name <\/em><\/strong><\/p>\n<p>Freitext.<\/p>\n<p><strong><em>Mailbox COS <\/em><\/strong><\/p>\n<p>W\u00e4hlen Sie hier die entsprechende Klasse aus, die zuvor unter dem Men\u00fcpunkt <em>Mailbox COS <\/em>angelegt wurde.<\/p>\n<p><strong><em>Passwort <\/em><\/strong><\/p>\n<p>Bitte w\u00e4hlen Sie ein Passwort, welches aus mindestens vier Zeichen besteht.<\/p>\n<p><strong><em>Passwort wiederholen <\/em><\/strong><\/p>\n<p>Wiederholen Sie ihr oben festgelegtes Passwort.<\/p>\n<p><strong><em>Gr\u00f6sse Mailbox (MB) <\/em><\/strong><\/p>\n<p>Maximale Gr\u00f6\u00dfe der Mailbox in Megabyte. Wenn Sie keine Gr\u00f6\u00dfenbeschr\u00e4nkung vorgeben m\u00f6chten, setzen Sie den Wert bitte auf 0.<\/p>\n<p><strong><em>Aktiv <\/em><\/strong><\/p>\n<p>Aktivierung oder Deaktivierung dieses Mailbox-Eintrages.<\/p>\n<p><strong><em>Junkmail Report an <\/em><\/strong><\/p>\n<p>Bitte geben Sie hier die Empf\u00e4nger f\u00fcr den Junkmail Report an, falls dieser nicht an den Benutzer sondern an einen oder mehrere andere Empf\u00e4nger gesendet werden soll (z.B. Mailingliste).<\/p>\n<p><strong><em>Verteilerliste <\/em><\/strong><\/p>\n<p>Aktivieren, falls dies eine Verteilerliste ist. E-Mails werden an die Mitglieder dieser Liste weitergeleitet.<\/p>\n<p><strong><em>Mitglieder <\/em><\/strong><\/p>\n<p>Liste der Mitglieder. Es k\u00f6nnen mehrere Adressen mit Trennzeichen (Komma oder Semikolon) oder eine Adresse pro Zeile eingegeben werden.<\/p>\n<p><strong><em>Fehlermeldung an <\/em><\/strong><\/p>\n<p>E-Mail Adresse, an die die Fehlermeldungen f\u00fcr diese Verteilerliste geschickt werden sollen. Es k\u00f6nnen mehrere Adressen mit Trennzeichen (Komma oder Semikolon) eingegeben werden.<\/p>\n<p><strong><em>Nur Mitglieder <\/em><\/strong><\/p>\n<p>Aktivieren, falls nur Mitglieder E-Mails an diese Verteilerliste senden d\u00fcrfen.<\/p>\n<p><strong><em>Externe Mitglieder <\/em><\/strong><\/p>\n<p>Aktivieren, falls nicht-lokale E-Mail Adressen in diese Liste aufgenommen werden d\u00fcrfen.<\/p>\n<hr \/>\n<p><strong>Mailbox bearbeiten<\/strong><\/p>\n<p><a href=\"https:\/\/hilfe.telekom-cloudcenter.de\/wp-content\/uploads\/2016\/12\/30.jpg\"><img decoding=\"async\" loading=\"lazy\" class=\"alignnone size-full wp-image-837\" src=\"https:\/\/hilfe.telekom-cloudcenter.de\/wp-content\/uploads\/2016\/12\/30.jpg\" alt=\"30\" width=\"668\" height=\"274\" srcset=\"https:\/\/hilfe.telekom-cloudcenter.de\/wp-content\/uploads\/2016\/12\/30.jpg 668w, https:\/\/hilfe.telekom-cloudcenter.de\/wp-content\/uploads\/2016\/12\/30-300x123.jpg 300w\" sizes=\"(max-width: 668px) 100vw, 668px\" \/><\/a><\/p>\n<p><strong><em>Neue Nachrichten <\/em><\/strong><\/p>\n<p>Anzahl der neuen Nachrichten, f\u00fcr die noch kein Spam-Report verschickt wurde.<\/p>\n<p><strong><em>Aktuelle Nachrichten <\/em><\/strong><\/p>\n<p>Anzahl der Nachrichten, f\u00fcr die bereits ein Report verschickt wurde.<\/p>\n<p><strong><em>Gesperrt <\/em><\/strong><\/p>\n<p>Junkmailbox ist kurzfristig w\u00e4hrend der Reporterstellung gesperrt.<\/p>\n<p>Eine Sperrung kann mit <em><u>Entsperren<\/u>\u00a0 <\/em>aufgehoben werden.<\/p>\n<p><strong><em>Letzter Check <\/em><\/strong><\/p>\n<p>Datum, an dem die letzte Indizierung stattgefunden hat.<\/p>\n<p><strong><em>Letzter Junkmail Report <\/em><\/strong><\/p>\n<p>Datum, an dem der letzte Junkmail Report verschickt wurde.<\/p>\n<p><strong><em>ReIndex <\/em><\/strong><\/p>\n<p>E-Mails in Junkmailbox werden neu indiziert.<\/p>\n<p><strong><em>Ordner l\u00f6schen <\/em><\/strong><\/p>\n<p>Junkmail Ordner komplett l\u00f6schen.<\/p>\n<p><strong><em>Entsperren <\/em><\/strong><\/p>\n<p>Entsperrung der Junkmailbox (nur im Fehlerfall).<\/p>\n<p><strong><em>Report senden <\/em><\/strong><\/p>\n<p>Mit <em><u>Report senden<\/u> \u00a0<\/em>l\u00f6sen Sie die sofortige Versendung des Spam-Reports an die betreffende Adresse aus.<\/p>\n<p><strong><em>Neue Registrierungs-E-Mail senden <\/em><\/strong><\/p>\n<p>Versand einer neuen Registrierungs-E-Mail an den Benutzer (nur im Fehlerfall).<\/p>\n<p><strong><em>Mailbox anzeigen <\/em><\/strong><\/p>\n<p>Nur Benutzer mit dem Level \u201eAdmin Mailbox\u201c bekommen diesen Button angezeigt. Hier k\u00f6nnen die Mailboxen der Benutzer eingesehen werden.<\/p>\n","protected":false},"excerpt":{"rendered":"<p>Hier erfolgt die Anlage von Junkmailboxen f\u00fcr geroutete E-Mail-Adressen. Alle Adressen, die hier verwendet werden, m\u00fcssen zun\u00e4chst im Men\u00fc Routing angelegt worden sein. Neue Mailbox anlegen Die Neuanlage von Mailboxen erfolgt \u00fcber diesen Button. Filterkriterien Benutzername Name Domain Benutzername E-Mail-Adresse des Benutzers. Mailbox COS Mailbox Service-Klasse, die dem Benutzer zugeordnet wurde. Neue Mailbox anlegen Benutzername&#8230; <a href=\"https:\/\/hilfe.telekom-cloudcenter.de\/index.php\/produkte\/microsoft-exchange\/benutzung-der-zusatzdienste\/quarantaneboxen-verwalten\/mailbox-administration\/\">read more &raquo;<\/a><\/p>\n","protected":false},"author":1,"featured_media":0,"parent":725,"menu_order":0,"comment_status":"closed","ping_status":"closed","template":"","meta":{"footnotes":""},"_links":{"self":[{"href":"https:\/\/hilfe.telekom-cloudcenter.de\/index.php\/wp-json\/wp\/v2\/pages\/834"}],"collection":[{"href":"https:\/\/hilfe.telekom-cloudcenter.de\/index.php\/wp-json\/wp\/v2\/pages"}],"about":[{"href":"https:\/\/hilfe.telekom-cloudcenter.de\/index.php\/wp-json\/wp\/v2\/types\/page"}],"author":[{"embeddable":true,"href":"https:\/\/hilfe.telekom-cloudcenter.de\/index.php\/wp-json\/wp\/v2\/users\/1"}],"replies":[{"embeddable":true,"href":"https:\/\/hilfe.telekom-cloudcenter.de\/index.php\/wp-json\/wp\/v2\/comments?post=834"}],"version-history":[{"count":1,"href":"https:\/\/hilfe.telekom-cloudcenter.de\/index.php\/wp-json\/wp\/v2\/pages\/834\/revisions"}],"predecessor-version":[{"id":838,"href":"https:\/\/hilfe.telekom-cloudcenter.de\/index.php\/wp-json\/wp\/v2\/pages\/834\/revisions\/838"}],"up":[{"embeddable":true,"href":"https:\/\/hilfe.telekom-cloudcenter.de\/index.php\/wp-json\/wp\/v2\/pages\/725"}],"wp:attachment":[{"href":"https:\/\/hilfe.telekom-cloudcenter.de\/index.php\/wp-json\/wp\/v2\/media?parent=834"}],"curies":[{"name":"wp","href":"https:\/\/api.w.org\/{rel}","templated":true}]}}