{"id":839,"date":"2016-12-01T12:08:47","date_gmt":"2016-12-01T12:08:47","guid":{"rendered":"https:\/\/hilfe.telekom-cloudcenter.de\/?page_id=839"},"modified":"2016-12-01T12:08:47","modified_gmt":"2016-12-01T12:08:47","slug":"mailbox-cos-administration","status":"publish","type":"page","link":"https:\/\/hilfe.telekom-cloudcenter.de\/index.php\/produkte\/microsoft-exchange\/benutzung-der-zusatzdienste\/quarantaneboxen-verwalten\/mailbox-cos-administration\/","title":{"rendered":"Mailbox COS Administration"},"content":{"rendered":"<p>Mailbox Service-Klassen k\u00f6nnen f\u00fcr Domains oder einzelne Benutzer erstellt werden. Im Men\u00fc <em><u>Mailbox<\/u>\u00a0 <\/em>werden diese den einzelnen Benutzern zugewiesen.<\/p>\n<p><a href=\"https:\/\/hilfe.telekom-cloudcenter.de\/wp-content\/uploads\/2016\/12\/31.jpg\"><img decoding=\"async\" loading=\"lazy\" class=\"alignnone size-full wp-image-840\" src=\"https:\/\/hilfe.telekom-cloudcenter.de\/wp-content\/uploads\/2016\/12\/31.jpg\" alt=\"31\" width=\"655\" height=\"295\" srcset=\"https:\/\/hilfe.telekom-cloudcenter.de\/wp-content\/uploads\/2016\/12\/31.jpg 655w, https:\/\/hilfe.telekom-cloudcenter.de\/wp-content\/uploads\/2016\/12\/31-300x135.jpg 300w\" sizes=\"(max-width: 655px) 100vw, 655px\" \/><\/a><\/p>\n<p><strong><em>Neue Mailbox COS anlegen <\/em><\/strong><\/p>\n<p>Die Neuanlage von Mailbox Service-Klassen erfolgt \u00fcber diesen Button.<\/p>\n<p><strong><em>Filterkriterien <\/em><\/strong><\/p>\n<ul>\n<li>Mailbox COS<\/li>\n<\/ul>\n<p><strong><em>Mailbox COS <\/em><\/strong><\/p>\n<p>Bezeichnung der Mailbox Service-Klasse mit Domain, f\u00fcr die die COS erstellt wurde.<\/p>\n<hr \/>\n<p><strong>Neue Mailbox COS anlegen<\/strong><\/p>\n<p><a href=\"https:\/\/hilfe.telekom-cloudcenter.de\/wp-content\/uploads\/2016\/12\/32.jpg\"><img decoding=\"async\" loading=\"lazy\" class=\"alignnone size-full wp-image-841\" src=\"https:\/\/hilfe.telekom-cloudcenter.de\/wp-content\/uploads\/2016\/12\/32.jpg\" alt=\"32\" width=\"643\" height=\"333\" srcset=\"https:\/\/hilfe.telekom-cloudcenter.de\/wp-content\/uploads\/2016\/12\/32.jpg 643w, https:\/\/hilfe.telekom-cloudcenter.de\/wp-content\/uploads\/2016\/12\/32-300x155.jpg 300w\" sizes=\"(max-width: 643px) 100vw, 643px\" \/><\/a><\/p>\n<p><strong><em>Mailbox COS <\/em><\/strong><\/p>\n<p>Eindeutiger Bezeichner f\u00fcr diese Mailbox Service-Klasse.<\/p>\n<p><strong><em>Domain <\/em><\/strong><\/p>\n<p>W\u00e4hlen Sie die Domain aus, f\u00fcr die die Mailbox COS erstellt werden soll.<\/p>\n<p><strong><em>POP3 <\/em><\/strong><\/p>\n<p>Aktivieren oder deaktivieren Sie POP3 Zugriff f\u00fcr diese Mailbox.<\/p>\n<p><strong><em>IMAP <\/em><\/strong><\/p>\n<p>Aktivieren oder deaktivieren Sie IMAP Zugriff f\u00fcr diese Mailbox.<\/p>\n<p><strong><em>Webmail <\/em><\/strong><\/p>\n<p>Aktivieren oder deaktivieren Sie Webmail Zugriff f\u00fcr diese Mailbox.<\/p>\n<p><strong><em>Webkalender <\/em><\/strong><\/p>\n<p>Aktivieren oder deaktivieren Sie Webkalender Zugriff f\u00fcr diese Mailbox.<\/p>\n<hr \/>\n<p><strong>Mailbox COS bearbeiten<\/strong><\/p>\n<p>Die Bearbeitung der Eintr\u00e4ge erfolgt im gleichen Formular wie die Erstellung.<\/p>\n<p><a href=\"https:\/\/hilfe.telekom-cloudcenter.de\/wp-content\/uploads\/2016\/12\/33.jpg\"><img decoding=\"async\" loading=\"lazy\" class=\"alignnone size-full wp-image-842\" src=\"https:\/\/hilfe.telekom-cloudcenter.de\/wp-content\/uploads\/2016\/12\/33.jpg\" alt=\"33\" width=\"613\" height=\"439\" srcset=\"https:\/\/hilfe.telekom-cloudcenter.de\/wp-content\/uploads\/2016\/12\/33.jpg 613w, https:\/\/hilfe.telekom-cloudcenter.de\/wp-content\/uploads\/2016\/12\/33-300x215.jpg 300w\" sizes=\"(max-width: 613px) 100vw, 613px\" \/><\/a><\/p>\n<p>&nbsp;<\/p>\n","protected":false},"excerpt":{"rendered":"<p>Mailbox Service-Klassen k\u00f6nnen f\u00fcr Domains oder einzelne Benutzer erstellt werden. Im Men\u00fc Mailbox\u00a0 werden diese den einzelnen Benutzern zugewiesen. Neue Mailbox COS anlegen Die Neuanlage von Mailbox Service-Klassen erfolgt \u00fcber diesen Button. Filterkriterien Mailbox COS Mailbox COS Bezeichnung der Mailbox Service-Klasse mit Domain, f\u00fcr die die COS erstellt wurde. Neue Mailbox COS anlegen Mailbox COS&#8230; <a href=\"https:\/\/hilfe.telekom-cloudcenter.de\/index.php\/produkte\/microsoft-exchange\/benutzung-der-zusatzdienste\/quarantaneboxen-verwalten\/mailbox-cos-administration\/\">read more &raquo;<\/a><\/p>\n","protected":false},"author":1,"featured_media":0,"parent":725,"menu_order":0,"comment_status":"closed","ping_status":"closed","template":"","meta":{"footnotes":""},"_links":{"self":[{"href":"https:\/\/hilfe.telekom-cloudcenter.de\/index.php\/wp-json\/wp\/v2\/pages\/839"}],"collection":[{"href":"https:\/\/hilfe.telekom-cloudcenter.de\/index.php\/wp-json\/wp\/v2\/pages"}],"about":[{"href":"https:\/\/hilfe.telekom-cloudcenter.de\/index.php\/wp-json\/wp\/v2\/types\/page"}],"author":[{"embeddable":true,"href":"https:\/\/hilfe.telekom-cloudcenter.de\/index.php\/wp-json\/wp\/v2\/users\/1"}],"replies":[{"embeddable":true,"href":"https:\/\/hilfe.telekom-cloudcenter.de\/index.php\/wp-json\/wp\/v2\/comments?post=839"}],"version-history":[{"count":1,"href":"https:\/\/hilfe.telekom-cloudcenter.de\/index.php\/wp-json\/wp\/v2\/pages\/839\/revisions"}],"predecessor-version":[{"id":843,"href":"https:\/\/hilfe.telekom-cloudcenter.de\/index.php\/wp-json\/wp\/v2\/pages\/839\/revisions\/843"}],"up":[{"embeddable":true,"href":"https:\/\/hilfe.telekom-cloudcenter.de\/index.php\/wp-json\/wp\/v2\/pages\/725"}],"wp:attachment":[{"href":"https:\/\/hilfe.telekom-cloudcenter.de\/index.php\/wp-json\/wp\/v2\/media?parent=839"}],"curies":[{"name":"wp","href":"https:\/\/api.w.org\/{rel}","templated":true}]}}