{"id":85,"date":"2016-10-20T14:32:16","date_gmt":"2016-10-20T14:32:16","guid":{"rendered":"https:\/\/hilfe.telekom-cloudcenter.de\/?page_id=85"},"modified":"2017-02-01T14:49:35","modified_gmt":"2017-02-01T14:49:35","slug":"domain-verifizieren","status":"publish","type":"page","link":"https:\/\/hilfe.telekom-cloudcenter.de\/index.php\/domainverwaltung\/domain-verifizieren\/","title":{"rendered":"Domain verifizieren"},"content":{"rendered":"<p>Um eine Domain z.B. f\u00fcr Loginnamen oder Mailadressen verwenden zu k\u00f6nnen, muss diese zun\u00e4chst verifiziert werden. Mit Hilfe der Verifizierung wird sichergestellt, dass Sie der Inhaber dieser Domain bzw. zur Administration berechtigt sind.<\/p>\n<p>F\u00fcr die Verifizierung m\u00fcssen Sie\u00a0in der DNS-Recordverwaltung Ihrer Domain\u00a0einen A-Record mit einem bestimmten Namen anlegen, welcher anschlie\u00dfend \u00fcberpr\u00fcft wird. Sollten Sie selbst keinen direkten Zugriff auf die DNS-Recordverwaltung Ihrer Domain haben, m\u00fcssen Sie sich direkt an Ihren Domainanbieter wenden. Den einzutragenden Wert sowie die Ziel-IP-Adresse finden Sie in der Detailansicht der betreffenden Domain unter <strong>&#8220;Verification Value&#8221;<\/strong> und <strong>&#8220;Ziel-IP Adresse&#8221;<\/strong>. Der A-Record muss auf die IP <strong>94.100.242.113 <\/strong>zeigen.<\/p>\n<p>Nachdem Sie die Eintr\u00e4ge vorgenommen haben bzw. Ihr Anbieter das Eintragen der Werte best\u00e4tigt hat \u2013 dies kann je nach Anbieter mehrere Tage dauern \u2013 w\u00e4hlen Sie die Schaltfl\u00e4che <strong>&#8220;Domain verifizieren&#8221;<\/strong> in den Domaindetails der betreffenden Domain und best\u00e4tigen die anschlie\u00dfende Sicherheitsabfrage mit <strong>&#8220;Ok&#8221;<\/strong>.<\/p>\n<p>Nach erfolgreicher Verifizierung dieses A-Records\u00a0ist die Domain als &#8220;verifiziert&#8221; in der Domain\u00fcbersicht gekennzeichnet und Sie\u00a0k\u00f6nnen die Domain f\u00fcr die Plattformprodukte nutzen.<\/p>\n<p><strong>Achtung!<\/strong> M\u00f6chten Sie diese Domain f\u00fcr das Produkt Microsoft\u00ae Exchange nutzen, m\u00fcssen Sie den MX-Record umstellen (lassen), um E-Mails empfangen zu k\u00f6nnen. F\u00fcr das alleinige Versenden von E-Mails k\u00f6nnen Sie jedoch auch einfach verifizierte Domains (ohne die Eigenschaft &#8220;MX-Record verifiziert&#8221;) verwenden.<\/p>\n<p>Einzelheiten zur Umstellung des MX-Records finden Sie hier.<\/p>\n","protected":false},"excerpt":{"rendered":"<p>Um eine Domain z.B. f\u00fcr Loginnamen oder Mailadressen verwenden zu k\u00f6nnen, muss diese zun\u00e4chst verifiziert werden. Mit Hilfe der Verifizierung wird sichergestellt, dass Sie der Inhaber dieser Domain bzw. zur Administration berechtigt sind. F\u00fcr die Verifizierung m\u00fcssen Sie\u00a0in der DNS-Recordverwaltung Ihrer Domain\u00a0einen A-Record mit einem bestimmten Namen anlegen, welcher anschlie\u00dfend \u00fcberpr\u00fcft wird. Sollten Sie selbst&#8230; <a href=\"https:\/\/hilfe.telekom-cloudcenter.de\/index.php\/domainverwaltung\/domain-verifizieren\/\">read more &raquo;<\/a><\/p>\n","protected":false},"author":1,"featured_media":0,"parent":56,"menu_order":0,"comment_status":"closed","ping_status":"closed","template":"","meta":{"footnotes":""},"_links":{"self":[{"href":"https:\/\/hilfe.telekom-cloudcenter.de\/index.php\/wp-json\/wp\/v2\/pages\/85"}],"collection":[{"href":"https:\/\/hilfe.telekom-cloudcenter.de\/index.php\/wp-json\/wp\/v2\/pages"}],"about":[{"href":"https:\/\/hilfe.telekom-cloudcenter.de\/index.php\/wp-json\/wp\/v2\/types\/page"}],"author":[{"embeddable":true,"href":"https:\/\/hilfe.telekom-cloudcenter.de\/index.php\/wp-json\/wp\/v2\/users\/1"}],"replies":[{"embeddable":true,"href":"https:\/\/hilfe.telekom-cloudcenter.de\/index.php\/wp-json\/wp\/v2\/comments?post=85"}],"version-history":[{"count":2,"href":"https:\/\/hilfe.telekom-cloudcenter.de\/index.php\/wp-json\/wp\/v2\/pages\/85\/revisions"}],"predecessor-version":[{"id":88,"href":"https:\/\/hilfe.telekom-cloudcenter.de\/index.php\/wp-json\/wp\/v2\/pages\/85\/revisions\/88"}],"up":[{"embeddable":true,"href":"https:\/\/hilfe.telekom-cloudcenter.de\/index.php\/wp-json\/wp\/v2\/pages\/56"}],"wp:attachment":[{"href":"https:\/\/hilfe.telekom-cloudcenter.de\/index.php\/wp-json\/wp\/v2\/media?parent=85"}],"curies":[{"name":"wp","href":"https:\/\/api.w.org\/{rel}","templated":true}]}}