{"id":854,"date":"2016-12-01T12:16:15","date_gmt":"2016-12-01T12:16:15","guid":{"rendered":"https:\/\/hilfe.telekom-cloudcenter.de\/?page_id=854"},"modified":"2016-12-01T12:18:15","modified_gmt":"2016-12-01T12:18:15","slug":"junkmail-report","status":"publish","type":"page","link":"https:\/\/hilfe.telekom-cloudcenter.de\/index.php\/produkte\/microsoft-exchange\/benutzung-der-zusatzdienste\/quarantaneboxen-verwalten\/junkmail-report\/","title":{"rendered":"Junkmail Report"},"content":{"rendered":"<p><a href=\"https:\/\/hilfe.telekom-cloudcenter.de\/wp-content\/uploads\/2016\/12\/38.jpg\"><img decoding=\"async\" loading=\"lazy\" class=\"alignnone size-full wp-image-856\" src=\"https:\/\/hilfe.telekom-cloudcenter.de\/wp-content\/uploads\/2016\/12\/38.jpg\" alt=\"38\" width=\"624\" height=\"219\" srcset=\"https:\/\/hilfe.telekom-cloudcenter.de\/wp-content\/uploads\/2016\/12\/38.jpg 624w, https:\/\/hilfe.telekom-cloudcenter.de\/wp-content\/uploads\/2016\/12\/38-300x105.jpg 300w\" sizes=\"(max-width: 624px) 100vw, 624px\" \/><\/a><\/p>\n<p><strong><em>Domain <\/em><\/strong><\/p>\n<p>W\u00e4hlen Sie die gew\u00fcnschte Domain aus.<\/p>\n<p><strong><em>Routing COS <\/em><\/strong><\/p>\n<p>W\u00e4hlen Sie die entsprechende Service-Klasse aus.<\/p>\n<p><strong><em>Laden <\/em><\/strong><\/p>\n<p>Ohne Eingabe von Domain und Routing COS erscheint eine Liste mit bereits angelegten Reports. Falls noch kein Report angelegt wurde, bitte Domain und COS ausw\u00e4hlen und <em><u>Laden<\/u> \u00a0<\/em>klicken.<\/p>\n<p><strong><em>Liste <\/em><\/strong><\/p>\n<p>Bereits angelegte Reports werden angezeigt. Falls noch kein Report erstellt wurde erscheint die Meldung \u201eKeine eigenen Reports angelegt\u201c.<\/p>\n<p><strong><em>Bearbeiten <\/em><\/strong><\/p>\n<p>Die einzelnen Bereiche des Junkmail Reports k\u00f6nnen editiert werden.<\/p>\n<p><strong><em>Vorschau <\/em><\/strong><\/p>\n<p>Hier erhalten Sie eine Vorschau, wie sich die \u00c4nderungen auf den Report auswirken.<\/p>\n<hr \/>\n<p><strong>Junkmail Report bearbeiten<\/strong><\/p>\n<p><a href=\"https:\/\/hilfe.telekom-cloudcenter.de\/wp-content\/uploads\/2016\/12\/39.jpg\"><img decoding=\"async\" loading=\"lazy\" class=\"alignnone size-full wp-image-857\" src=\"https:\/\/hilfe.telekom-cloudcenter.de\/wp-content\/uploads\/2016\/12\/39.jpg\" alt=\"39\" width=\"914\" height=\"1725\" srcset=\"https:\/\/hilfe.telekom-cloudcenter.de\/wp-content\/uploads\/2016\/12\/39.jpg 914w, https:\/\/hilfe.telekom-cloudcenter.de\/wp-content\/uploads\/2016\/12\/39-159x300.jpg 159w, https:\/\/hilfe.telekom-cloudcenter.de\/wp-content\/uploads\/2016\/12\/39-543x1024.jpg 543w, https:\/\/hilfe.telekom-cloudcenter.de\/wp-content\/uploads\/2016\/12\/39-300x566.jpg 300w\" sizes=\"(max-width: 914px) 100vw, 914px\" \/><\/a><\/p>\n<p><strong><em>Global <\/em><\/strong><\/p>\n<ul>\n<li>Kopfbereich<\/li>\n<li>Inhalt<\/li>\n<li>Fu\u00dfbereich<\/li>\n<li>Betreff<\/li>\n<li>Junkmail URL<\/li>\n<li>Willkommens-Mitteilung<\/li>\n<li>Willkommens-Betreff<\/li>\n<li>Passwort zur\u00fccksetzen<\/li>\n<li>Passwort zur\u00fccksetzen Betreff<\/li>\n<\/ul>\n<p><strong><em>Bearbeiten <\/em><\/strong><\/p>\n<p>Der jeweilige Bereich kann editiert werden. Mit <em><u>Speichern<\/u> \u00a0<\/em>werden die \u00c4nderungen \u00fcbernommen und ein eigener Report erstellt.<\/p>\n<p><strong><em>Standard laden <\/em><\/strong><\/p>\n<p>Die Standard-Werte werden angezeigt. \u00dcber <em><u>Liste <\/u><\/em>\u00a0k\u00f6nnen Sie wieder den eigenen Report anzeigen lassen. Wenn Sie nach <em><u>Standard laden<\/u> \u00a0<\/em>auf <em><u>Speichern<\/u> \u00a0<\/em>klicken, wird der eigene Report mit den Standard-Werten \u00fcberschrieben.<\/p>\n<p><strong><em>Speichern <\/em><\/strong><\/p>\n<p>Die vorgenommenen \u00c4nderungen (Bearbeiten oder Standard laden) werden abgespeichert.<\/p>\n<p><strong><em>L\u00f6schen <\/em><\/strong><\/p>\n<p>Der selbst erstellte Report wird gel\u00f6scht. Danach sind wieder die Standard-Werte g\u00fcltig.<\/p>\n<p>&nbsp;<\/p>\n<p>&nbsp;<\/p>\n","protected":false},"excerpt":{"rendered":"<p>Domain W\u00e4hlen Sie die gew\u00fcnschte Domain aus. Routing COS W\u00e4hlen Sie die entsprechende Service-Klasse aus. Laden Ohne Eingabe von Domain und Routing COS erscheint eine Liste mit bereits angelegten Reports. Falls noch kein Report angelegt wurde, bitte Domain und COS ausw\u00e4hlen und Laden \u00a0klicken. Liste Bereits angelegte Reports werden angezeigt. Falls noch kein Report erstellt&#8230; <a href=\"https:\/\/hilfe.telekom-cloudcenter.de\/index.php\/produkte\/microsoft-exchange\/benutzung-der-zusatzdienste\/quarantaneboxen-verwalten\/junkmail-report\/\">read more &raquo;<\/a><\/p>\n","protected":false},"author":1,"featured_media":0,"parent":725,"menu_order":0,"comment_status":"closed","ping_status":"closed","template":"","meta":{"footnotes":""},"_links":{"self":[{"href":"https:\/\/hilfe.telekom-cloudcenter.de\/index.php\/wp-json\/wp\/v2\/pages\/854"}],"collection":[{"href":"https:\/\/hilfe.telekom-cloudcenter.de\/index.php\/wp-json\/wp\/v2\/pages"}],"about":[{"href":"https:\/\/hilfe.telekom-cloudcenter.de\/index.php\/wp-json\/wp\/v2\/types\/page"}],"author":[{"embeddable":true,"href":"https:\/\/hilfe.telekom-cloudcenter.de\/index.php\/wp-json\/wp\/v2\/users\/1"}],"replies":[{"embeddable":true,"href":"https:\/\/hilfe.telekom-cloudcenter.de\/index.php\/wp-json\/wp\/v2\/comments?post=854"}],"version-history":[{"count":2,"href":"https:\/\/hilfe.telekom-cloudcenter.de\/index.php\/wp-json\/wp\/v2\/pages\/854\/revisions"}],"predecessor-version":[{"id":858,"href":"https:\/\/hilfe.telekom-cloudcenter.de\/index.php\/wp-json\/wp\/v2\/pages\/854\/revisions\/858"}],"up":[{"embeddable":true,"href":"https:\/\/hilfe.telekom-cloudcenter.de\/index.php\/wp-json\/wp\/v2\/pages\/725"}],"wp:attachment":[{"href":"https:\/\/hilfe.telekom-cloudcenter.de\/index.php\/wp-json\/wp\/v2\/media?parent=854"}],"curies":[{"name":"wp","href":"https:\/\/api.w.org\/{rel}","templated":true}]}}