{"id":863,"date":"2016-12-01T12:36:04","date_gmt":"2016-12-01T12:36:04","guid":{"rendered":"https:\/\/hilfe.telekom-cloudcenter.de\/?page_id=863"},"modified":"2017-02-07T08:50:58","modified_gmt":"2017-02-07T08:50:58","slug":"aufruf-und-verwaltung-einer-sharepoint-site-collection","status":"publish","type":"page","link":"https:\/\/hilfe.telekom-cloudcenter.de\/index.php\/produkte\/microsoft-sharepoint\/aufruf-und-verwaltung-einer-sharepoint-site-collection\/","title":{"rendered":"Aufruf und Verwaltung einer SharePoint Site Collection"},"content":{"rendered":"<p>Eine SharePoint Site Collection kann nur Ihr Administrator anlegen. Er kann Sie aber als Verwalter festlegen, so dass Sie Administrationsrechte innerhalb dieser SharePoint Site Collection erhalten. Sie k\u00f6nnen alle weiteren Einstellungen innerhalb der SharePoint Site Collection dann selber vornehmen.<\/p>\n<p>Bei der initialen Anlage muss Ihr Administrator zwingend Informationen zu Name, Verwalter und Lizenztyp erfassen. Au\u00dferdem muss eines der <a href=\"https:\/\/hilfe.telekom-cloudcenter.de\/index.php\/produkte\/microsoft-sharepoint\/site-collections\/site-collection-anlegen\/\"><strong>Standard Templates f\u00fcr die Site Collection<\/strong><\/a> festgelegt werden \u2013 bitte teilen Sie Ihrem Administrator bei der Site-Beantragung das gew\u00fcnschte Template mit.<\/p>\n<p>Alle SharePoint Seiten, f\u00fcr die Sie als Verwalter festgelegt sind, sehen Sie auf der Startseite des Cloud Managers im Widget \u201eIhre SharePoint Site Collections\u201c. Diese k\u00f6nnen Sie sofort von hier aus \u00f6ffnen.<\/p>\n<p><a href=\"https:\/\/hilfe.telekom-cloudcenter.de\/wp-content\/uploads\/2016\/12\/1.png\"><img decoding=\"async\" loading=\"lazy\" class=\"alignnone size-full wp-image-864\" src=\"https:\/\/hilfe.telekom-cloudcenter.de\/wp-content\/uploads\/2016\/12\/1.png\" alt=\"1\" width=\"1247\" height=\"788\" srcset=\"https:\/\/hilfe.telekom-cloudcenter.de\/wp-content\/uploads\/2016\/12\/1.png 1247w, https:\/\/hilfe.telekom-cloudcenter.de\/wp-content\/uploads\/2016\/12\/1-300x190.png 300w, https:\/\/hilfe.telekom-cloudcenter.de\/wp-content\/uploads\/2016\/12\/1-1024x647.png 1024w\" sizes=\"(max-width: 1247px) 100vw, 1247px\" \/><\/a><\/p>\n<p>Nach erfolgreicher Authentifizierung wird die aufgerufene SharePoint Site Collection ge\u00f6ffnet. Alle Informationen zur Bedienung und Verwaltung der SharePoint Site Collection entnehmen Sie bitte der &#8220;Hilfe&#8221; (Fragezeichen-Symbol).<\/p>\n<p><a href=\"https:\/\/hilfe.telekom-cloudcenter.de\/wp-content\/uploads\/2016\/12\/2.png\"><img decoding=\"async\" loading=\"lazy\" class=\"alignnone size-full wp-image-865\" src=\"https:\/\/hilfe.telekom-cloudcenter.de\/wp-content\/uploads\/2016\/12\/2.png\" alt=\"2\" width=\"1915\" height=\"539\" srcset=\"https:\/\/hilfe.telekom-cloudcenter.de\/wp-content\/uploads\/2016\/12\/2.png 1915w, https:\/\/hilfe.telekom-cloudcenter.de\/wp-content\/uploads\/2016\/12\/2-300x84.png 300w, https:\/\/hilfe.telekom-cloudcenter.de\/wp-content\/uploads\/2016\/12\/2-1024x288.png 1024w\" sizes=\"(max-width: 1915px) 100vw, 1915px\" \/><\/a><\/p>\n<p>&nbsp;<\/p>\n<p>Sie k\u00f6nnen als Verwalter einer SharePoint Site Collection direkt \u00fcber die SharePoint-Einstellungen vorhandenen Microsoft Exchange-Nutzern den Zugriff auf die SharePoint Site erm\u00f6glichen. Hierbei k\u00f6nnen Sie nur Nutzer berechtigen, die bereits \u00fcber ein Nutzungsrecht verf\u00fcgen (SharePoint S-Lizenz). W\u00e4hlen Sie dazu unter Website-Einstellungen die Option &#8220;Website Berechtigungen&#8221;.<\/p>\n<p><a href=\"https:\/\/hilfe.telekom-cloudcenter.de\/wp-content\/uploads\/2016\/12\/3.png\"><img decoding=\"async\" loading=\"lazy\" class=\"alignnone size-full wp-image-866\" src=\"https:\/\/hilfe.telekom-cloudcenter.de\/wp-content\/uploads\/2016\/12\/3.png\" alt=\"3\" width=\"1272\" height=\"446\" srcset=\"https:\/\/hilfe.telekom-cloudcenter.de\/wp-content\/uploads\/2016\/12\/3.png 1272w, https:\/\/hilfe.telekom-cloudcenter.de\/wp-content\/uploads\/2016\/12\/3-300x105.png 300w, https:\/\/hilfe.telekom-cloudcenter.de\/wp-content\/uploads\/2016\/12\/3-1024x359.png 1024w\" sizes=\"(max-width: 1272px) 100vw, 1272px\" \/><\/a><\/p>\n<p>Um neue Mitglieder zu einer Gruppe (z.B. &#8220;Mitglieder von&#8230;&#8221;) hinzuzuf\u00fcgen, w\u00e4hlen Sie zun\u00e4chst die Gruppe aus und w\u00e4hlen in der Mitgliederverwaltung anschlie\u00dfend die Schaltfl\u00e4che &#8220;Neu&#8221;. Geben Sie nun den gew\u00fcnschten Nutzer ein und w\u00e4hlen Sie anschlie\u00dfen &#8220;Freigeben&#8221;.<\/p>\n<p><a href=\"https:\/\/hilfe.telekom-cloudcenter.de\/wp-content\/uploads\/2016\/12\/4.png\"><img decoding=\"async\" loading=\"lazy\" class=\"alignnone size-full wp-image-867\" src=\"https:\/\/hilfe.telekom-cloudcenter.de\/wp-content\/uploads\/2016\/12\/4.png\" alt=\"4\" width=\"1080\" height=\"651\" srcset=\"https:\/\/hilfe.telekom-cloudcenter.de\/wp-content\/uploads\/2016\/12\/4.png 1080w, https:\/\/hilfe.telekom-cloudcenter.de\/wp-content\/uploads\/2016\/12\/4-300x181.png 300w, https:\/\/hilfe.telekom-cloudcenter.de\/wp-content\/uploads\/2016\/12\/4-1024x617.png 1024w\" sizes=\"(max-width: 1080px) 100vw, 1080px\" \/><\/a><\/p>\n","protected":false},"excerpt":{"rendered":"<p>Eine SharePoint Site Collection kann nur Ihr Administrator anlegen. Er kann Sie aber als Verwalter festlegen, so dass Sie Administrationsrechte innerhalb dieser SharePoint Site Collection erhalten. Sie k\u00f6nnen alle weiteren Einstellungen innerhalb der SharePoint Site Collection dann selber vornehmen. Bei der initialen Anlage muss Ihr Administrator zwingend Informationen zu Name, Verwalter und Lizenztyp erfassen. Au\u00dferdem&#8230; <a href=\"https:\/\/hilfe.telekom-cloudcenter.de\/index.php\/produkte\/microsoft-sharepoint\/aufruf-und-verwaltung-einer-sharepoint-site-collection\/\">read more &raquo;<\/a><\/p>\n","protected":false},"author":1,"featured_media":0,"parent":265,"menu_order":0,"comment_status":"closed","ping_status":"closed","template":"","meta":{"footnotes":""},"_links":{"self":[{"href":"https:\/\/hilfe.telekom-cloudcenter.de\/index.php\/wp-json\/wp\/v2\/pages\/863"}],"collection":[{"href":"https:\/\/hilfe.telekom-cloudcenter.de\/index.php\/wp-json\/wp\/v2\/pages"}],"about":[{"href":"https:\/\/hilfe.telekom-cloudcenter.de\/index.php\/wp-json\/wp\/v2\/types\/page"}],"author":[{"embeddable":true,"href":"https:\/\/hilfe.telekom-cloudcenter.de\/index.php\/wp-json\/wp\/v2\/users\/1"}],"replies":[{"embeddable":true,"href":"https:\/\/hilfe.telekom-cloudcenter.de\/index.php\/wp-json\/wp\/v2\/comments?post=863"}],"version-history":[{"count":1,"href":"https:\/\/hilfe.telekom-cloudcenter.de\/index.php\/wp-json\/wp\/v2\/pages\/863\/revisions"}],"predecessor-version":[{"id":868,"href":"https:\/\/hilfe.telekom-cloudcenter.de\/index.php\/wp-json\/wp\/v2\/pages\/863\/revisions\/868"}],"up":[{"embeddable":true,"href":"https:\/\/hilfe.telekom-cloudcenter.de\/index.php\/wp-json\/wp\/v2\/pages\/265"}],"wp:attachment":[{"href":"https:\/\/hilfe.telekom-cloudcenter.de\/index.php\/wp-json\/wp\/v2\/media?parent=863"}],"curies":[{"name":"wp","href":"https:\/\/api.w.org\/{rel}","templated":true}]}}