{"id":874,"date":"2016-12-05T12:15:28","date_gmt":"2016-12-05T12:15:28","guid":{"rendered":"https:\/\/hilfe.telekom-cloudcenter.de\/?page_id=874"},"modified":"2016-12-05T13:06:32","modified_gmt":"2016-12-05T13:06:32","slug":"einrichtung-eines-exchange-kontos-auf-dem-iphone","status":"publish","type":"page","link":"https:\/\/hilfe.telekom-cloudcenter.de\/index.php\/produkte\/microsoft-exchange\/einbindung-mobiler-endgerate\/einrichtung-eines-exchange-kontos-auf-dem-iphone\/","title":{"rendered":"Einrichtung eines Exchange Kontos auf dem iPhone"},"content":{"rendered":"<p>F\u00fcr die Verbindung Ihres Exchange Postfachs mit Ihrem iPhone gehen Sie bitte wie folgt vor:<\/p>\n<p>\u00d6ffnen Sie &#8220;Einstellungen&#8221;.<\/p>\n<p><em><a href=\"https:\/\/hilfe.telekom-cloudcenter.de\/wp-content\/uploads\/2016\/12\/Datei-05.12.16-12-15-49-1.png\"><img decoding=\"async\" loading=\"lazy\" class=\"alignnone wp-image-877\" src=\"https:\/\/hilfe.telekom-cloudcenter.de\/wp-content\/uploads\/2016\/12\/Datei-05.12.16-12-15-49-1.png\" alt=\"datei-05-12-16-12-15-49\" width=\"353\" height=\"275\" srcset=\"https:\/\/hilfe.telekom-cloudcenter.de\/wp-content\/uploads\/2016\/12\/Datei-05.12.16-12-15-49-1.png 750w, https:\/\/hilfe.telekom-cloudcenter.de\/wp-content\/uploads\/2016\/12\/Datei-05.12.16-12-15-49-1-300x234.png 300w\" sizes=\"(max-width: 353px) 100vw, 353px\" \/><\/a><\/em><\/p>\n<p>&nbsp;<\/p>\n<p>W\u00e4hlen Sie unter Einstellungen den Eintrag &#8220;Mail&#8221; und dort den Eintrag &#8220;Accounts&#8221;.<\/p>\n<p>&nbsp;<\/p>\n<p><a href=\"https:\/\/hilfe.telekom-cloudcenter.de\/wp-content\/uploads\/2016\/12\/Datei-05.12.16-12-16-28.png\"><img decoding=\"async\" loading=\"lazy\" class=\"alignnone wp-image-879\" src=\"https:\/\/hilfe.telekom-cloudcenter.de\/wp-content\/uploads\/2016\/12\/Datei-05.12.16-12-16-28.png\" alt=\"datei-05-12-16-12-16-28\" width=\"379\" height=\"674\" srcset=\"https:\/\/hilfe.telekom-cloudcenter.de\/wp-content\/uploads\/2016\/12\/Datei-05.12.16-12-16-28.png 750w, https:\/\/hilfe.telekom-cloudcenter.de\/wp-content\/uploads\/2016\/12\/Datei-05.12.16-12-16-28-169x300.png 169w, https:\/\/hilfe.telekom-cloudcenter.de\/wp-content\/uploads\/2016\/12\/Datei-05.12.16-12-16-28-576x1024.png 576w, https:\/\/hilfe.telekom-cloudcenter.de\/wp-content\/uploads\/2016\/12\/Datei-05.12.16-12-16-28-300x534.png 300w\" sizes=\"(max-width: 379px) 100vw, 379px\" \/><\/a><\/p>\n<p>&nbsp;<\/p>\n<p>W\u00e4hlen Sie unter &#8220;Accounts&#8221; den Eintrag &#8220;Account hinzuf\u00fcgen&#8221;.<\/p>\n<p>&nbsp;<\/p>\n<p><a href=\"https:\/\/hilfe.telekom-cloudcenter.de\/wp-content\/uploads\/2016\/12\/Datei-05.12.16-12-16-43.png\"><img decoding=\"async\" loading=\"lazy\" class=\"alignnone wp-image-880\" src=\"https:\/\/hilfe.telekom-cloudcenter.de\/wp-content\/uploads\/2016\/12\/Datei-05.12.16-12-16-43.png\" alt=\"datei-05-12-16-12-16-43\" width=\"380\" height=\"302\" srcset=\"https:\/\/hilfe.telekom-cloudcenter.de\/wp-content\/uploads\/2016\/12\/Datei-05.12.16-12-16-43.png 750w, https:\/\/hilfe.telekom-cloudcenter.de\/wp-content\/uploads\/2016\/12\/Datei-05.12.16-12-16-43-300x238.png 300w\" sizes=\"(max-width: 380px) 100vw, 380px\" \/><\/a><\/p>\n<p>&nbsp;<\/p>\n<p>W\u00e4hlen Sie unter &#8220;Account hinzuf\u00fcgen&#8221; den Eintrag &#8220;Exchange&#8221;.<\/p>\n<p>&nbsp;<\/p>\n<p><a href=\"https:\/\/hilfe.telekom-cloudcenter.de\/wp-content\/uploads\/2016\/12\/Datei-05.12.16-12-16-55.png\"><img decoding=\"async\" loading=\"lazy\" class=\"alignnone wp-image-881\" src=\"https:\/\/hilfe.telekom-cloudcenter.de\/wp-content\/uploads\/2016\/12\/Datei-05.12.16-12-16-55.png\" alt=\"datei-05-12-16-12-16-55\" width=\"383\" height=\"682\" srcset=\"https:\/\/hilfe.telekom-cloudcenter.de\/wp-content\/uploads\/2016\/12\/Datei-05.12.16-12-16-55.png 750w, https:\/\/hilfe.telekom-cloudcenter.de\/wp-content\/uploads\/2016\/12\/Datei-05.12.16-12-16-55-169x300.png 169w, https:\/\/hilfe.telekom-cloudcenter.de\/wp-content\/uploads\/2016\/12\/Datei-05.12.16-12-16-55-576x1024.png 576w, https:\/\/hilfe.telekom-cloudcenter.de\/wp-content\/uploads\/2016\/12\/Datei-05.12.16-12-16-55-300x534.png 300w\" sizes=\"(max-width: 383px) 100vw, 383px\" \/><\/a><\/p>\n<p>&nbsp;<\/p>\n<p>Geben Sie nun die Daten zu Ihrem Exchange-Postfach ein:<\/p>\n<ul>\n<li>E-Mail: <em>Ihre E-Mailadresse<\/em><\/li>\n<li>Passwort: <em>Ihr Passwort<\/em><\/li>\n<\/ul>\n<p>Optional k\u00f6nnen Sie eine Beschreibung f\u00fcr diesen Account vergeben. W\u00e4hlen Sie anschlie\u00dfend &#8220;Weiter&#8221;. Ihr iPhone wird nun die Verbindung \u00fcberpr\u00fcfen.<\/p>\n<p>&nbsp;<\/p>\n<p><a href=\"https:\/\/hilfe.telekom-cloudcenter.de\/wp-content\/uploads\/2016\/12\/Datei-05.12.16-12-17-16.png\"><img decoding=\"async\" loading=\"lazy\" class=\"alignnone wp-image-883\" src=\"https:\/\/hilfe.telekom-cloudcenter.de\/wp-content\/uploads\/2016\/12\/Datei-05.12.16-12-17-16.png\" alt=\"datei-05-12-16-12-17-16\" width=\"381\" height=\"294\" srcset=\"https:\/\/hilfe.telekom-cloudcenter.de\/wp-content\/uploads\/2016\/12\/Datei-05.12.16-12-17-16.png 750w, https:\/\/hilfe.telekom-cloudcenter.de\/wp-content\/uploads\/2016\/12\/Datei-05.12.16-12-17-16-300x231.png 300w\" sizes=\"(max-width: 381px) 100vw, 381px\" \/><\/a><\/p>\n<p><a href=\"https:\/\/hilfe.telekom-cloudcenter.de\/wp-content\/uploads\/2016\/12\/Datei-05.12.16-12-17-27.png\"><img decoding=\"async\" loading=\"lazy\" class=\"alignnone wp-image-884\" src=\"https:\/\/hilfe.telekom-cloudcenter.de\/wp-content\/uploads\/2016\/12\/Datei-05.12.16-12-17-27.png\" alt=\"datei-05-12-16-12-17-27\" width=\"384\" height=\"297\" srcset=\"https:\/\/hilfe.telekom-cloudcenter.de\/wp-content\/uploads\/2016\/12\/Datei-05.12.16-12-17-27.png 750w, https:\/\/hilfe.telekom-cloudcenter.de\/wp-content\/uploads\/2016\/12\/Datei-05.12.16-12-17-27-300x232.png 300w\" sizes=\"(max-width: 384px) 100vw, 384px\" \/><\/a><\/p>\n<p>&nbsp;<\/p>\n<p>Geben Sie bei Aufforderung wie in der unteren Abbildung Ihren Cloud Manager Benutzernamen und Ihr Cloud Manager Passwort ein.<\/p>\n<p>&nbsp;<\/p>\n<p><a href=\"https:\/\/hilfe.telekom-cloudcenter.de\/wp-content\/uploads\/2016\/12\/Datei-05.12.16-12-17-51.png\"><img decoding=\"async\" loading=\"lazy\" class=\"alignnone wp-image-886\" src=\"https:\/\/hilfe.telekom-cloudcenter.de\/wp-content\/uploads\/2016\/12\/Datei-05.12.16-12-17-51.png\" alt=\"datei-05-12-16-12-17-51\" width=\"386\" height=\"461\" srcset=\"https:\/\/hilfe.telekom-cloudcenter.de\/wp-content\/uploads\/2016\/12\/Datei-05.12.16-12-17-51.png 750w, https:\/\/hilfe.telekom-cloudcenter.de\/wp-content\/uploads\/2016\/12\/Datei-05.12.16-12-17-51-251x300.png 251w, https:\/\/hilfe.telekom-cloudcenter.de\/wp-content\/uploads\/2016\/12\/Datei-05.12.16-12-17-51-300x358.png 300w\" sizes=\"(max-width: 386px) 100vw, 386px\" \/><\/a><\/p>\n<p>&nbsp;<\/p>\n<p>W\u00e4hlen Sie anschlie\u00dfend &#8220;Sichern&#8221;.<\/p>\n<p>&nbsp;<\/p>\n<p><a href=\"https:\/\/hilfe.telekom-cloudcenter.de\/wp-content\/uploads\/2016\/12\/Datei-05.12.16-12-18-02.png\"><img decoding=\"async\" loading=\"lazy\" class=\"alignnone wp-image-887\" src=\"https:\/\/hilfe.telekom-cloudcenter.de\/wp-content\/uploads\/2016\/12\/Datei-05.12.16-12-18-02.png\" alt=\"datei-05-12-16-12-18-02\" width=\"391\" height=\"337\" srcset=\"https:\/\/hilfe.telekom-cloudcenter.de\/wp-content\/uploads\/2016\/12\/Datei-05.12.16-12-18-02.png 750w, https:\/\/hilfe.telekom-cloudcenter.de\/wp-content\/uploads\/2016\/12\/Datei-05.12.16-12-18-02-300x258.png 300w\" sizes=\"(max-width: 391px) 100vw, 391px\" \/><\/a><\/p>\n<p>&nbsp;<\/p>\n<p>Ihr Exchange-Postfach erscheint nun unter Mail&gt;Accounts.<\/p>\n<p>&nbsp;<\/p>\n<p><a href=\"https:\/\/hilfe.telekom-cloudcenter.de\/wp-content\/uploads\/2016\/12\/Datei-05.12.16-12-18-13.png\"><img decoding=\"async\" loading=\"lazy\" class=\"alignnone wp-image-888\" src=\"https:\/\/hilfe.telekom-cloudcenter.de\/wp-content\/uploads\/2016\/12\/Datei-05.12.16-12-18-13.png\" alt=\"datei-05-12-16-12-18-13\" width=\"384\" height=\"360\" srcset=\"https:\/\/hilfe.telekom-cloudcenter.de\/wp-content\/uploads\/2016\/12\/Datei-05.12.16-12-18-13.png 750w, https:\/\/hilfe.telekom-cloudcenter.de\/wp-content\/uploads\/2016\/12\/Datei-05.12.16-12-18-13-300x281.png 300w\" sizes=\"(max-width: 384px) 100vw, 384px\" \/><\/a><\/p>\n<p>&nbsp;<\/p>\n<p>Um auf die Inhalte Ihres Postfachs zuzugreifen, w\u00e4hlen Sie die iPhone Mail-App.<\/p>\n<p>&nbsp;<\/p>\n<p><a href=\"https:\/\/hilfe.telekom-cloudcenter.de\/wp-content\/uploads\/2016\/12\/Datei-05.12.16-12-18-27.png\"><img decoding=\"async\" loading=\"lazy\" class=\"alignnone wp-image-889\" src=\"https:\/\/hilfe.telekom-cloudcenter.de\/wp-content\/uploads\/2016\/12\/Datei-05.12.16-12-18-27.png\" alt=\"datei-05-12-16-12-18-27\" width=\"388\" height=\"288\" srcset=\"https:\/\/hilfe.telekom-cloudcenter.de\/wp-content\/uploads\/2016\/12\/Datei-05.12.16-12-18-27.png 750w, https:\/\/hilfe.telekom-cloudcenter.de\/wp-content\/uploads\/2016\/12\/Datei-05.12.16-12-18-27-300x223.png 300w\" sizes=\"(max-width: 388px) 100vw, 388px\" \/><\/a><\/p>\n<p><a href=\"https:\/\/hilfe.telekom-cloudcenter.de\/wp-content\/uploads\/2016\/12\/Datei-05.12.16-12-18-38.png\"><img decoding=\"async\" loading=\"lazy\" class=\"alignnone wp-image-890\" src=\"https:\/\/hilfe.telekom-cloudcenter.de\/wp-content\/uploads\/2016\/12\/Datei-05.12.16-12-18-38.png\" alt=\"datei-05-12-16-12-18-38\" width=\"385\" height=\"685\" srcset=\"https:\/\/hilfe.telekom-cloudcenter.de\/wp-content\/uploads\/2016\/12\/Datei-05.12.16-12-18-38.png 750w, https:\/\/hilfe.telekom-cloudcenter.de\/wp-content\/uploads\/2016\/12\/Datei-05.12.16-12-18-38-169x300.png 169w, https:\/\/hilfe.telekom-cloudcenter.de\/wp-content\/uploads\/2016\/12\/Datei-05.12.16-12-18-38-576x1024.png 576w, https:\/\/hilfe.telekom-cloudcenter.de\/wp-content\/uploads\/2016\/12\/Datei-05.12.16-12-18-38-300x534.png 300w\" sizes=\"(max-width: 385px) 100vw, 385px\" \/><\/a><\/p>\n<p>&nbsp;<\/p>\n","protected":false},"excerpt":{"rendered":"<p>F\u00fcr die Verbindung Ihres Exchange Postfachs mit Ihrem iPhone gehen Sie bitte wie folgt vor: \u00d6ffnen Sie &#8220;Einstellungen&#8221;. &nbsp; W\u00e4hlen Sie unter Einstellungen den Eintrag &#8220;Mail&#8221; und dort den Eintrag &#8220;Accounts&#8221;. &nbsp; &nbsp; W\u00e4hlen Sie unter &#8220;Accounts&#8221; den Eintrag &#8220;Account hinzuf\u00fcgen&#8221;. &nbsp; &nbsp; W\u00e4hlen Sie unter &#8220;Account hinzuf\u00fcgen&#8221; den Eintrag &#8220;Exchange&#8221;. &nbsp; &nbsp; Geben Sie&#8230; <a href=\"https:\/\/hilfe.telekom-cloudcenter.de\/index.php\/produkte\/microsoft-exchange\/einbindung-mobiler-endgerate\/einrichtung-eines-exchange-kontos-auf-dem-iphone\/\">read more &raquo;<\/a><\/p>\n","protected":false},"author":1,"featured_media":0,"parent":870,"menu_order":0,"comment_status":"closed","ping_status":"closed","template":"","meta":{"footnotes":""},"_links":{"self":[{"href":"https:\/\/hilfe.telekom-cloudcenter.de\/index.php\/wp-json\/wp\/v2\/pages\/874"}],"collection":[{"href":"https:\/\/hilfe.telekom-cloudcenter.de\/index.php\/wp-json\/wp\/v2\/pages"}],"about":[{"href":"https:\/\/hilfe.telekom-cloudcenter.de\/index.php\/wp-json\/wp\/v2\/types\/page"}],"author":[{"embeddable":true,"href":"https:\/\/hilfe.telekom-cloudcenter.de\/index.php\/wp-json\/wp\/v2\/users\/1"}],"replies":[{"embeddable":true,"href":"https:\/\/hilfe.telekom-cloudcenter.de\/index.php\/wp-json\/wp\/v2\/comments?post=874"}],"version-history":[{"count":3,"href":"https:\/\/hilfe.telekom-cloudcenter.de\/index.php\/wp-json\/wp\/v2\/pages\/874\/revisions"}],"predecessor-version":[{"id":891,"href":"https:\/\/hilfe.telekom-cloudcenter.de\/index.php\/wp-json\/wp\/v2\/pages\/874\/revisions\/891"}],"up":[{"embeddable":true,"href":"https:\/\/hilfe.telekom-cloudcenter.de\/index.php\/wp-json\/wp\/v2\/pages\/870"}],"wp:attachment":[{"href":"https:\/\/hilfe.telekom-cloudcenter.de\/index.php\/wp-json\/wp\/v2\/media?parent=874"}],"curies":[{"name":"wp","href":"https:\/\/api.w.org\/{rel}","templated":true}]}}