{"id":89,"date":"2016-10-20T14:44:13","date_gmt":"2016-10-20T14:44:13","guid":{"rendered":"https:\/\/hilfe.telekom-cloudcenter.de\/?page_id=89"},"modified":"2023-11-17T08:07:50","modified_gmt":"2023-11-17T08:07:50","slug":"mx-verifizieren","status":"publish","type":"page","link":"https:\/\/hilfe.telekom-cloudcenter.de\/index.php\/domainverwaltung\/mx-verifizieren\/","title":{"rendered":"MX verifizieren"},"content":{"rendered":"\n<p><strong>Domain f\u00fcr Produkt &#8220;Microsoft Exchange&#8221; verwenden<\/strong><\/p>\n\n\n\n<p>Damit E-Mails an die E-Mailadressen Ihrer Mailboxen zugestellt werden k\u00f6nnen, m\u00fcssen bestimmte DNS-Eintr\u00e4ge f\u00fcr Ihre (Mail-) Domain vorhanden sein. Der sogenannte MX (Mail Exchange) Record ist ein Eintrag im Domain Name System (DNS), der im Internet festlegt, welcher Server f\u00fcr den SMTP- oder Mailverkehr dieser Domain zust\u00e4ndig ist.<\/p>\n\n\n\n<p>M\u00f6chten Sie Ihre eigene Domain (z. B. kundendomain.de), die Sie bei einem externen Provider (z.B. 1&amp;1 oder GoDaddy) registriert haben,\u00a0 f\u00fcr den E-Mail-Verkehr verwenden, m\u00fcssen Sie bestimmte Eintr\u00e4ge setzen oder \u00e4ndern,\u00a0damit E-Mails an die eingerichteten Postf\u00e4cher aus dem Internet zugestellt werden k\u00f6nnen.<\/p>\n\n\n\n<p><strong>Domain f\u00fcr Produkt &#8220;E-Mail Protect Pro&#8221; verwenden<\/strong><\/p>\n\n\n\n<p>M\u00f6chten Sie Ihre Domain f\u00fcr das Produkt &#8220;E-Mail Protect Pro&#8221; verwenden, m\u00fcssen Sie durch DNS-Einstellungen daf\u00fcr sorgen, dass E-Mails an das Telekom MAS Gateway (Telekom Managed Antivius\/Antispam) gesendet werden. Hierzu m\u00fcssen sie bestimmte MX-Records f\u00fcr Ihre Domain setzen.<\/p>\n\n\n\n<hr class=\"wp-block-separator has-css-opacity is-style-wide\"\/>\n\n\n\n<p><strong>Aktuelle MX Records ermitteln<\/strong><\/p>\n\n\n\n<p>Die derzeit g\u00fcltigen MX Record Eintr\u00e4ge f\u00fcr Ihre Domain k\u00f6nnen Sie \u00fcber folgenden Weg ermitteln:<\/p>\n\n\n\n<ul>\n<li>Folgende Seite im Internet aufrufen:&nbsp;&nbsp;<a href=\"http:\/\/www.kloth.net\/services\/nslookup.php\">http:\/\/www.kloth.net\/services\/nslookup.php<\/a><\/li>\n\n\n\n<li>Im Formularbereich &#8220;DNS Lookup&#8221; im Feld &#8220;Domain&#8221; die betreffende Domain eintragen, hier als Beispiel T-Online.de<\/li>\n\n\n\n<li>Im Drop-Down Feld &#8220;Query&#8221; den Record Type &#8220;MX (mail Exchange)&#8221; ausw\u00e4hlen und abschlie\u00dfend die Schaltfl\u00e4che &#8220;Look it up&#8221; w\u00e4hlen:<\/li>\n<\/ul>\n\n\n\n<figure class=\"wp-block-image\"><a href=\"https:\/\/hilfe.telekom-cloudcenter.de\/wp-content\/uploads\/2016\/10\/Kloth-Query.png\"><img decoding=\"async\" loading=\"lazy\" width=\"967\" height=\"127\" src=\"https:\/\/hilfe.telekom-cloudcenter.de\/wp-content\/uploads\/2016\/10\/Kloth-Query.png\" alt=\"kloth-query\" class=\"wp-image-109\" srcset=\"https:\/\/hilfe.telekom-cloudcenter.de\/wp-content\/uploads\/2016\/10\/Kloth-Query.png 967w, https:\/\/hilfe.telekom-cloudcenter.de\/wp-content\/uploads\/2016\/10\/Kloth-Query-300x39.png 300w\" sizes=\"(max-width: 967px) 100vw, 967px\" \/><\/a><\/figure>\n\n\n\n<p>Im Ergebnis werden hier die aktuellen MX Record Eintr\u00e4ge f\u00fcr Ihre Domain angezeigt. Im genannten Beispiel werden f\u00fcr die Domain T-Online.de mehrere Mailserver angezeigt. Pro Mailserver wird Ihnen in jeder Zeile nach &#8220;mail exchanger =&#8221; die Priorit\u00e4t angezeigt, nach der Mails an den dahinter genannten Mail-Server zugestellt werden (niedrigster Wert = h\u00f6chste Priorit\u00e4t!).<\/p>\n\n\n\n<figure class=\"wp-block-image\"><a href=\"https:\/\/hilfe.telekom-cloudcenter.de\/wp-content\/uploads\/2016\/10\/Kloth-Query-Result.jpg\"><img decoding=\"async\" loading=\"lazy\" width=\"447\" height=\"214\" src=\"https:\/\/hilfe.telekom-cloudcenter.de\/wp-content\/uploads\/2016\/10\/Kloth-Query-Result.jpg\" alt=\"kloth-query-result\" class=\"wp-image-110\" srcset=\"https:\/\/hilfe.telekom-cloudcenter.de\/wp-content\/uploads\/2016\/10\/Kloth-Query-Result.jpg 447w, https:\/\/hilfe.telekom-cloudcenter.de\/wp-content\/uploads\/2016\/10\/Kloth-Query-Result-300x144.jpg 300w\" sizes=\"(max-width: 447px) 100vw, 447px\" \/><\/a><\/figure>\n\n\n\n<hr class=\"wp-block-separator has-css-opacity is-style-wide\"\/>\n\n\n\n<p><strong>MX Record \u00e4ndern<\/strong><\/p>\n\n\n\n<p>Die Beauftragung\/\u00c4nderung eines MX Records kann <strong>nur<\/strong> der Besitzer\/Inhaber oder der technische Ansprechpartner (Admin C) der Domain veranlassen, wobei dies i.d.R. eine entsprechend berechtigte Person Ihrer Organisation ist. Der \u00c4nderung des MX Records muss bei dem Provider erfolgen, der den DNS-Eintrag f\u00fcr Ihre Dom\u00e4ne verwaltet. Bei vielen Providern kann diese Beauftragung online \u00fcber ein Web-Portal erfolgen.<\/p>\n\n\n\n<p>Bitte verwenden Sie sowohl f\u00fcr die Nutzer Ihrer Domain f\u00fcr &#8220;Microsoft Exchange&#8221; als auch f\u00fcr &#8220;E-Mail Protect Pro&#8221; die folgenden MX-Records.<\/p>\n\n\n\n<p><strong><span style=\"color: rgb(255, 0, 255);\">!!! MX-Records f\u00fcr Ihre Domain!!!<\/span><\/strong><\/p>\n\n\n\n<figure class=\"wp-block-table\"><table><tbody><tr><td>Host<\/td><td>Type<\/td><td>Priority<\/td><td>Value<\/td><\/tr><tr><td>IhreDomain.de<\/td><td>MX<\/td><td>10<\/td><td>mx1.mas.t-systems-service.com<\/td><\/tr><tr><td>IhreDomain.de<\/td><td>MX<\/td><td>20<\/td><td>mx2.mas.t-systems-service.com<\/td><\/tr><tr><td>IhreDomain.de<\/td><td>MX<\/td><td>50<\/td><td>mx3.mas.t-systems-service.com<\/td><\/tr><\/tbody><\/table><\/figure>\n\n\n\n<hr class=\"wp-block-separator has-css-opacity is-style-wide\"\/>\n\n\n\n<p><strong>Bitte beachten Sie:<\/strong><\/p>\n\n\n\n<ul>\n<li>Die \u00c4nderung eines MX Records \u2013 insbesondere der Abgleich aller DNS-Server im Internet \u2013 kann bis zu 72 Stunden dauern!<\/li>\n\n\n\n<li>F\u00fcr die Nutzung von Microsoft\u00ae Exchange wird empfohlen, vor der MX-Record-Umstellung die Empf\u00e4ngerpostf\u00e4cher vollst\u00e4ndig vorzubereiten. Dazu sollte Ihre Domain, wie in <a href=\"https:\/\/hilfe.telekom-cloudcenter.de\/index.php\/domainverwaltung\/domain-verifizieren\/\"><strong>&#8220;Domain verifizieren&#8221;<\/strong><\/a>, zuvor verifiziert werden.<\/li>\n\n\n\n<li>W\u00e4hrend des \u00c4nderungsvorgangs k\u00f6nnen E-Mails sowohl an Ihre &#8220;alten&#8221; Postf\u00e4cher oder bereits an die &#8220;Microsoft\u00ae Exchange&#8221;-Postf\u00e4cher \u00fcbermittelt werden. Es empfiehlt sich daher w\u00e4hrend der &#8220;Migrationsphase&#8221; zus\u00e4tzlich zu den &#8220;Microsoft\u00ae Exchange&#8221; -Postf\u00e4chern auch die alten Postf\u00e4cher weiterhin abzufragen.<\/li>\n<\/ul>\n\n\n\n<hr class=\"wp-block-separator has-css-opacity is-style-wide\"\/>\n\n\n\n<p><strong>MX (Record) verifizieren<\/strong><\/p>\n\n\n\n<p>Um die MX-Record-Umstellung zu \u00fcberpr\u00fcfen und den MX Record der Domain zu verifizieren, w\u00e4hlen Sie nach der Umstellung in den Domaindetails die Schaltfl\u00e4che <strong>&#8220;MX verifizieren&#8221;<\/strong> und best\u00e4tigen Sie die anschlie\u00dfende Sicherheitsabfrage mit <strong>&#8220;Ok&#8221;<\/strong>. Anschlie\u00dfend wird automatisch \u00fcberpr\u00fcft, ob die korrekten MX Records f\u00fcr Ihre Domain eingetragen wurden. Im Erfolgsfall wird die Domain mit der Eigenschaft <strong>&#8220;MX Record verifiziert&#8221;<\/strong> gekennzeichnet.<\/p>\n","protected":false},"excerpt":{"rendered":"<p>Domain f\u00fcr Produkt &#8220;Microsoft Exchange&#8221; verwenden Damit E-Mails an die E-Mailadressen Ihrer Mailboxen zugestellt werden k\u00f6nnen, m\u00fcssen bestimmte DNS-Eintr\u00e4ge f\u00fcr Ihre (Mail-) Domain vorhanden sein. Der sogenannte MX (Mail Exchange) Record ist ein Eintrag im Domain Name System (DNS), der im Internet festlegt, welcher Server f\u00fcr den SMTP- oder Mailverkehr dieser Domain zust\u00e4ndig ist. M\u00f6chten&#8230; <a href=\"https:\/\/hilfe.telekom-cloudcenter.de\/index.php\/domainverwaltung\/mx-verifizieren\/\">read more &raquo;<\/a><\/p>\n","protected":false},"author":1,"featured_media":0,"parent":56,"menu_order":0,"comment_status":"closed","ping_status":"closed","template":"","meta":{"footnotes":""},"_links":{"self":[{"href":"https:\/\/hilfe.telekom-cloudcenter.de\/index.php\/wp-json\/wp\/v2\/pages\/89"}],"collection":[{"href":"https:\/\/hilfe.telekom-cloudcenter.de\/index.php\/wp-json\/wp\/v2\/pages"}],"about":[{"href":"https:\/\/hilfe.telekom-cloudcenter.de\/index.php\/wp-json\/wp\/v2\/types\/page"}],"author":[{"embeddable":true,"href":"https:\/\/hilfe.telekom-cloudcenter.de\/index.php\/wp-json\/wp\/v2\/users\/1"}],"replies":[{"embeddable":true,"href":"https:\/\/hilfe.telekom-cloudcenter.de\/index.php\/wp-json\/wp\/v2\/comments?post=89"}],"version-history":[{"count":23,"href":"https:\/\/hilfe.telekom-cloudcenter.de\/index.php\/wp-json\/wp\/v2\/pages\/89\/revisions"}],"predecessor-version":[{"id":6272,"href":"https:\/\/hilfe.telekom-cloudcenter.de\/index.php\/wp-json\/wp\/v2\/pages\/89\/revisions\/6272"}],"up":[{"embeddable":true,"href":"https:\/\/hilfe.telekom-cloudcenter.de\/index.php\/wp-json\/wp\/v2\/pages\/56"}],"wp:attachment":[{"href":"https:\/\/hilfe.telekom-cloudcenter.de\/index.php\/wp-json\/wp\/v2\/media?parent=89"}],"curies":[{"name":"wp","href":"https:\/\/api.w.org\/{rel}","templated":true}]}}