{"id":927,"date":"2016-12-12T10:09:05","date_gmt":"2016-12-12T10:09:05","guid":{"rendered":"https:\/\/hilfe.telekom-cloudcenter.de\/?page_id=927"},"modified":"2016-12-12T10:21:05","modified_gmt":"2016-12-12T10:21:05","slug":"einrichtung-von-blackberry-os10-activesync","status":"publish","type":"page","link":"https:\/\/hilfe.telekom-cloudcenter.de\/index.php\/produkte\/microsoft-exchange\/einbindung-mobiler-endgerate\/einrichtung-von-blackberry-os10-activesync\/","title":{"rendered":"Einrichtung von BlackBerry (OS10) ActiveSync"},"content":{"rendered":"<p>Um die aktuellen BlackBerry(OS10) mit Microsoft\u00ae Exchange 2016 by Telekom nutzen zu k\u00f6nnen, richten Sie diese als Exchange ActiveSync Konto wie folgt ein\u00a0(Bei dieser Form der Mailkontoeinbindung ist keine BlackBerry-Zusatzoption zu Ihrem Mobilfunkvertrag mehr n\u00f6tig):<\/p>\n<p>Vergewissern Sie sich, dass das BlackBerry-Ger\u00e4t mit dem Mobilfunknetz verbunden ist.<\/p>\n<p>Im Hauptmen\u00fc, welches erscheint wenn Sie von oben nach unten wischen, <strong>tippen Sie auf Einstellungen.<\/strong><\/p>\n<p><a href=\"https:\/\/hilfe.telekom-cloudcenter.de\/wp-content\/uploads\/2016\/12\/1-1.png\"><img decoding=\"async\" loading=\"lazy\" class=\"alignnone  wp-image-930\" src=\"https:\/\/hilfe.telekom-cloudcenter.de\/wp-content\/uploads\/2016\/12\/1-1.png\" alt=\"1\" width=\"585\" height=\"975\" srcset=\"https:\/\/hilfe.telekom-cloudcenter.de\/wp-content\/uploads\/2016\/12\/1-1.png 768w, https:\/\/hilfe.telekom-cloudcenter.de\/wp-content\/uploads\/2016\/12\/1-1-180x300.png 180w, https:\/\/hilfe.telekom-cloudcenter.de\/wp-content\/uploads\/2016\/12\/1-1-614x1024.png 614w, https:\/\/hilfe.telekom-cloudcenter.de\/wp-content\/uploads\/2016\/12\/1-1-300x500.png 300w\" sizes=\"(max-width: 585px) 100vw, 585px\" \/><\/a><\/p>\n<p>Anschlie\u00dfend <strong>tippen Sie auf Konten.<\/strong><\/p>\n<p><a href=\"https:\/\/hilfe.telekom-cloudcenter.de\/wp-content\/uploads\/2016\/12\/2-1.png\"><img decoding=\"async\" loading=\"lazy\" class=\"alignnone  wp-image-931\" src=\"https:\/\/hilfe.telekom-cloudcenter.de\/wp-content\/uploads\/2016\/12\/2-1.png\" alt=\"2\" width=\"583\" height=\"971\" srcset=\"https:\/\/hilfe.telekom-cloudcenter.de\/wp-content\/uploads\/2016\/12\/2-1.png 768w, https:\/\/hilfe.telekom-cloudcenter.de\/wp-content\/uploads\/2016\/12\/2-1-180x300.png 180w, https:\/\/hilfe.telekom-cloudcenter.de\/wp-content\/uploads\/2016\/12\/2-1-614x1024.png 614w, https:\/\/hilfe.telekom-cloudcenter.de\/wp-content\/uploads\/2016\/12\/2-1-300x500.png 300w\" sizes=\"(max-width: 583px) 100vw, 583px\" \/><\/a><\/p>\n<p>&nbsp;<\/p>\n<p>Danach tippen Sie auf E-Mail, Kontakte und Kalender.<\/p>\n<p><a href=\"https:\/\/hilfe.telekom-cloudcenter.de\/wp-content\/uploads\/2016\/12\/3-1.png\"><img decoding=\"async\" loading=\"lazy\" class=\"alignnone  wp-image-932\" src=\"https:\/\/hilfe.telekom-cloudcenter.de\/wp-content\/uploads\/2016\/12\/3-1.png\" alt=\"3\" width=\"593\" height=\"988\" srcset=\"https:\/\/hilfe.telekom-cloudcenter.de\/wp-content\/uploads\/2016\/12\/3-1.png 768w, https:\/\/hilfe.telekom-cloudcenter.de\/wp-content\/uploads\/2016\/12\/3-1-180x300.png 180w, https:\/\/hilfe.telekom-cloudcenter.de\/wp-content\/uploads\/2016\/12\/3-1-614x1024.png 614w, https:\/\/hilfe.telekom-cloudcenter.de\/wp-content\/uploads\/2016\/12\/3-1-300x500.png 300w\" sizes=\"(max-width: 593px) 100vw, 593px\" \/><\/a><\/p>\n<p>Anschlie\u00dfend geben Sie im Feld E-Mail-Adresse Ihre Mailadresse des Exchange-Nutzers ein\u00a0 und tippen danach auf das Zeichen f\u00fcr manuelle Konfiguration.<\/p>\n<p><a href=\"https:\/\/hilfe.telekom-cloudcenter.de\/wp-content\/uploads\/2016\/12\/4-1.png\"><img decoding=\"async\" loading=\"lazy\" class=\"alignnone  wp-image-933\" src=\"https:\/\/hilfe.telekom-cloudcenter.de\/wp-content\/uploads\/2016\/12\/4-1.png\" alt=\"4\" width=\"592\" height=\"986\" srcset=\"https:\/\/hilfe.telekom-cloudcenter.de\/wp-content\/uploads\/2016\/12\/4-1.png 768w, https:\/\/hilfe.telekom-cloudcenter.de\/wp-content\/uploads\/2016\/12\/4-1-180x300.png 180w, https:\/\/hilfe.telekom-cloudcenter.de\/wp-content\/uploads\/2016\/12\/4-1-614x1024.png 614w, https:\/\/hilfe.telekom-cloudcenter.de\/wp-content\/uploads\/2016\/12\/4-1-300x500.png 300w\" sizes=\"(max-width: 592px) 100vw, 592px\" \/><\/a><\/p>\n<p>Dann tippen Sie auf Exchange ActiveSync.<\/p>\n<p><a href=\"https:\/\/hilfe.telekom-cloudcenter.de\/wp-content\/uploads\/2016\/12\/5.png\"><img decoding=\"async\" loading=\"lazy\" class=\"alignnone  wp-image-934\" src=\"https:\/\/hilfe.telekom-cloudcenter.de\/wp-content\/uploads\/2016\/12\/5.png\" alt=\"5\" width=\"603\" height=\"1005\" srcset=\"https:\/\/hilfe.telekom-cloudcenter.de\/wp-content\/uploads\/2016\/12\/5.png 768w, https:\/\/hilfe.telekom-cloudcenter.de\/wp-content\/uploads\/2016\/12\/5-180x300.png 180w, https:\/\/hilfe.telekom-cloudcenter.de\/wp-content\/uploads\/2016\/12\/5-614x1024.png 614w, https:\/\/hilfe.telekom-cloudcenter.de\/wp-content\/uploads\/2016\/12\/5-300x500.png 300w\" sizes=\"(max-width: 603px) 100vw, 603px\" \/><\/a><\/p>\n<ul>\n<li>Anschlie\u00dfend geben Sie im Feld Beschreibung einen Namen f\u00fcr Ihr Mailkonto an<\/li>\n<li>Das Feld Dom\u00e4ne bleibt\u00a0leer<\/li>\n<li>Verschieben Sie anschlie\u00dfend den Bildausschnitt, damit Sie die weiteren Eingaben erreichen.<\/li>\n<\/ul>\n<p><a href=\"https:\/\/hilfe.telekom-cloudcenter.de\/wp-content\/uploads\/2016\/12\/6.png\"><img decoding=\"async\" loading=\"lazy\" class=\"alignnone  wp-image-935\" src=\"https:\/\/hilfe.telekom-cloudcenter.de\/wp-content\/uploads\/2016\/12\/6.png\" alt=\"6\" width=\"599\" height=\"998\" srcset=\"https:\/\/hilfe.telekom-cloudcenter.de\/wp-content\/uploads\/2016\/12\/6.png 768w, https:\/\/hilfe.telekom-cloudcenter.de\/wp-content\/uploads\/2016\/12\/6-180x300.png 180w, https:\/\/hilfe.telekom-cloudcenter.de\/wp-content\/uploads\/2016\/12\/6-614x1024.png 614w, https:\/\/hilfe.telekom-cloudcenter.de\/wp-content\/uploads\/2016\/12\/6-300x500.png 300w\" sizes=\"(max-width: 599px) 100vw, 599px\" \/><\/a><\/p>\n<ul>\n<li>Danach <strong>tragen Sie<\/strong> <strong>Ihr Kennwort<\/strong> des Exchange-Mailkontos <strong>ein<\/strong>.<\/li>\n<li>Die weiterhin einzutragende <strong>Serveradresse <\/strong>lautet: <strong>email.telekom-cloudcenter.de<\/strong><\/li>\n<li><strong>Der Port bleibt auf 443 eingestellt<\/strong><\/li>\n<\/ul>\n<p><a href=\"https:\/\/hilfe.telekom-cloudcenter.de\/wp-content\/uploads\/2016\/12\/7.png\"><img decoding=\"async\" loading=\"lazy\" class=\"alignnone  wp-image-936\" src=\"https:\/\/hilfe.telekom-cloudcenter.de\/wp-content\/uploads\/2016\/12\/7.png\" alt=\"7\" width=\"606\" height=\"1010\" srcset=\"https:\/\/hilfe.telekom-cloudcenter.de\/wp-content\/uploads\/2016\/12\/7.png 768w, https:\/\/hilfe.telekom-cloudcenter.de\/wp-content\/uploads\/2016\/12\/7-180x300.png 180w, https:\/\/hilfe.telekom-cloudcenter.de\/wp-content\/uploads\/2016\/12\/7-614x1024.png 614w, https:\/\/hilfe.telekom-cloudcenter.de\/wp-content\/uploads\/2016\/12\/7-300x500.png 300w\" sizes=\"(max-width: 606px) 100vw, 606px\" \/><\/a><\/p>\n<ul>\n<li>Sie k\u00f6nnen jetzt noch den Synchronisierungszeitraum f\u00fcr Mails auf &#8220;Unbegrenzt&#8221; einstellen, um alle Mails aus Ihrem Exchangekonto zu synchronisieren.<\/li>\n<li>Auch der Synchronisierungszeitraum f\u00fcr die Kalenderdaten l\u00e4sst sich noch an Ihre W\u00fcnsche anpassen.<\/li>\n<li>Danach tippen Sie auf &#8220;Weiter&#8221;<\/li>\n<\/ul>\n<p><a href=\"https:\/\/hilfe.telekom-cloudcenter.de\/wp-content\/uploads\/2016\/12\/8.png\"><img decoding=\"async\" loading=\"lazy\" class=\"alignnone  wp-image-937\" src=\"https:\/\/hilfe.telekom-cloudcenter.de\/wp-content\/uploads\/2016\/12\/8.png\" alt=\"8\" width=\"616\" height=\"1027\" srcset=\"https:\/\/hilfe.telekom-cloudcenter.de\/wp-content\/uploads\/2016\/12\/8.png 768w, https:\/\/hilfe.telekom-cloudcenter.de\/wp-content\/uploads\/2016\/12\/8-180x300.png 180w, https:\/\/hilfe.telekom-cloudcenter.de\/wp-content\/uploads\/2016\/12\/8-614x1024.png 614w, https:\/\/hilfe.telekom-cloudcenter.de\/wp-content\/uploads\/2016\/12\/8-300x500.png 300w\" sizes=\"(max-width: 616px) 100vw, 616px\" \/><\/a><\/p>\n<p>Anschlie\u00dfend legen Sie noch fest, was alles synchronisiert werden soll (Mails, Kontakte, Kalender, Aufgaben und Notizen) und tippen danach auf &#8220;Fertig&#8221;.<\/p>\n<p><a href=\"https:\/\/hilfe.telekom-cloudcenter.de\/wp-content\/uploads\/2016\/12\/9.png\"><img decoding=\"async\" loading=\"lazy\" class=\"alignnone  wp-image-938\" src=\"https:\/\/hilfe.telekom-cloudcenter.de\/wp-content\/uploads\/2016\/12\/9.png\" alt=\"9\" width=\"613\" height=\"1022\" srcset=\"https:\/\/hilfe.telekom-cloudcenter.de\/wp-content\/uploads\/2016\/12\/9.png 768w, https:\/\/hilfe.telekom-cloudcenter.de\/wp-content\/uploads\/2016\/12\/9-180x300.png 180w, https:\/\/hilfe.telekom-cloudcenter.de\/wp-content\/uploads\/2016\/12\/9-614x1024.png 614w, https:\/\/hilfe.telekom-cloudcenter.de\/wp-content\/uploads\/2016\/12\/9-300x500.png 300w\" sizes=\"(max-width: 613px) 100vw, 613px\" \/><\/a><\/p>\n<p>Ihr BlackBerry-Ger\u00e4t sucht nun nach dem Mailserver und erh\u00e4lt von dort die Daten Ihres Exchange-Mailkontos.\u00a0Die Einrichtung kann einige Zeit in Anspruch nehmen.<\/p>\n<p><a href=\"https:\/\/hilfe.telekom-cloudcenter.de\/wp-content\/uploads\/2016\/12\/10.png\"><img decoding=\"async\" loading=\"lazy\" class=\"alignnone  wp-image-939\" src=\"https:\/\/hilfe.telekom-cloudcenter.de\/wp-content\/uploads\/2016\/12\/10.png\" alt=\"10\" width=\"620\" height=\"1033\" srcset=\"https:\/\/hilfe.telekom-cloudcenter.de\/wp-content\/uploads\/2016\/12\/10.png 768w, https:\/\/hilfe.telekom-cloudcenter.de\/wp-content\/uploads\/2016\/12\/10-180x300.png 180w, https:\/\/hilfe.telekom-cloudcenter.de\/wp-content\/uploads\/2016\/12\/10-614x1024.png 614w, https:\/\/hilfe.telekom-cloudcenter.de\/wp-content\/uploads\/2016\/12\/10-300x500.png 300w\" sizes=\"(max-width: 620px) 100vw, 620px\" \/><\/a><\/p>\n<p>Anschlie\u00dfend sehen Sie Ihr neu eingerichtetes Mailkonto und k\u00f6nnen dann in den gewohnten Apps Ihre Mails, Kontakte und Kalender finden.\u00a0Auch hier kann es, je nach Gr\u00f6\u00dfe des Postfachinhaltes und der weiteren Daten noch ein wenig dauern, bis alle Daten synchronisiert sind.<\/p>\n<p><a href=\"https:\/\/hilfe.telekom-cloudcenter.de\/wp-content\/uploads\/2016\/12\/11.png\"><img decoding=\"async\" loading=\"lazy\" class=\"alignnone  wp-image-940\" src=\"https:\/\/hilfe.telekom-cloudcenter.de\/wp-content\/uploads\/2016\/12\/11.png\" alt=\"11\" width=\"615\" height=\"1025\" srcset=\"https:\/\/hilfe.telekom-cloudcenter.de\/wp-content\/uploads\/2016\/12\/11.png 768w, https:\/\/hilfe.telekom-cloudcenter.de\/wp-content\/uploads\/2016\/12\/11-180x300.png 180w, https:\/\/hilfe.telekom-cloudcenter.de\/wp-content\/uploads\/2016\/12\/11-614x1024.png 614w, https:\/\/hilfe.telekom-cloudcenter.de\/wp-content\/uploads\/2016\/12\/11-300x500.png 300w\" sizes=\"(max-width: 615px) 100vw, 615px\" \/><\/a><\/p>\n","protected":false},"excerpt":{"rendered":"<p>Um die aktuellen BlackBerry(OS10) mit Microsoft\u00ae Exchange 2016 by Telekom nutzen zu k\u00f6nnen, richten Sie diese als Exchange ActiveSync Konto wie folgt ein\u00a0(Bei dieser Form der Mailkontoeinbindung ist keine BlackBerry-Zusatzoption zu Ihrem Mobilfunkvertrag mehr n\u00f6tig): Vergewissern Sie sich, dass das BlackBerry-Ger\u00e4t mit dem Mobilfunknetz verbunden ist. Im Hauptmen\u00fc, welches erscheint wenn Sie von oben nach&#8230; <a href=\"https:\/\/hilfe.telekom-cloudcenter.de\/index.php\/produkte\/microsoft-exchange\/einbindung-mobiler-endgerate\/einrichtung-von-blackberry-os10-activesync\/\">read more &raquo;<\/a><\/p>\n","protected":false},"author":1,"featured_media":0,"parent":870,"menu_order":0,"comment_status":"closed","ping_status":"closed","template":"","meta":{"footnotes":""},"_links":{"self":[{"href":"https:\/\/hilfe.telekom-cloudcenter.de\/index.php\/wp-json\/wp\/v2\/pages\/927"}],"collection":[{"href":"https:\/\/hilfe.telekom-cloudcenter.de\/index.php\/wp-json\/wp\/v2\/pages"}],"about":[{"href":"https:\/\/hilfe.telekom-cloudcenter.de\/index.php\/wp-json\/wp\/v2\/types\/page"}],"author":[{"embeddable":true,"href":"https:\/\/hilfe.telekom-cloudcenter.de\/index.php\/wp-json\/wp\/v2\/users\/1"}],"replies":[{"embeddable":true,"href":"https:\/\/hilfe.telekom-cloudcenter.de\/index.php\/wp-json\/wp\/v2\/comments?post=927"}],"version-history":[{"count":3,"href":"https:\/\/hilfe.telekom-cloudcenter.de\/index.php\/wp-json\/wp\/v2\/pages\/927\/revisions"}],"predecessor-version":[{"id":941,"href":"https:\/\/hilfe.telekom-cloudcenter.de\/index.php\/wp-json\/wp\/v2\/pages\/927\/revisions\/941"}],"up":[{"embeddable":true,"href":"https:\/\/hilfe.telekom-cloudcenter.de\/index.php\/wp-json\/wp\/v2\/pages\/870"}],"wp:attachment":[{"href":"https:\/\/hilfe.telekom-cloudcenter.de\/index.php\/wp-json\/wp\/v2\/media?parent=927"}],"curies":[{"name":"wp","href":"https:\/\/api.w.org\/{rel}","templated":true}]}}