{"id":95,"date":"2016-10-20T14:48:29","date_gmt":"2016-10-20T14:48:29","guid":{"rendered":"https:\/\/hilfe.telekom-cloudcenter.de\/?page_id=95"},"modified":"2016-10-21T12:09:36","modified_gmt":"2016-10-21T12:09:36","slug":"domain-beauftragen","status":"publish","type":"page","link":"https:\/\/hilfe.telekom-cloudcenter.de\/index.php\/domainverwaltung\/domain-beauftragen\/","title":{"rendered":"Domain beauftragen"},"content":{"rendered":"<p>Neben der Verwaltung von fremdgehosteten bzw. externen Domains haben Sie im Cloud Manager die M\u00f6glichkeit, neue Domains zu registrieren oder Ihre bei einem anderen Anbieter bereits vorhandene Domain zu transferieren und somit f\u00fcr die Public Services zu nutzen. W\u00e4hlen Sie hierzu in der Domain\u00fcbersicht die Schaltfl\u00e4che &#8220;Domain beauftragen&#8221;.<\/p>\n<p>Sie werden anschlie\u00dfend durch die folgenden Schritte gef\u00fchrt:<\/p>\n<ol>\n<li><a href=\"https:\/\/hilfe.telekom-cloudcenter.de\/index.php\/domainverwaltung\/domain-beauftragen\/domainverfugbarkeit-prufen\/\">Domainverf\u00fcgbarkeit pr\u00fcfen<\/a><\/li>\n<li><a href=\"https:\/\/hilfe.telekom-cloudcenter.de\/index.php\/domainverwaltung\/domain-beauftragen\/verfugbare-domain-auswahlen\/\">Verf\u00fcgbare Domain ausw\u00e4hlen<\/a><\/li>\n<li><a href=\"https:\/\/hilfe.telekom-cloudcenter.de\/index.php\/domainverwaltung\/domain-beauftragen\/domaindaten-erfassen\/\">Domaindaten erfassen<\/a><\/li>\n<\/ol>\n","protected":false},"excerpt":{"rendered":"<p>Neben der Verwaltung von fremdgehosteten bzw. externen Domains haben Sie im Cloud Manager die M\u00f6glichkeit, neue Domains zu registrieren oder Ihre bei einem anderen Anbieter bereits vorhandene Domain zu transferieren und somit f\u00fcr die Public Services zu nutzen. W\u00e4hlen Sie hierzu in der Domain\u00fcbersicht die Schaltfl\u00e4che &#8220;Domain beauftragen&#8221;. Sie werden anschlie\u00dfend durch die folgenden Schritte&#8230; <a href=\"https:\/\/hilfe.telekom-cloudcenter.de\/index.php\/domainverwaltung\/domain-beauftragen\/\">read more &raquo;<\/a><\/p>\n","protected":false},"author":1,"featured_media":0,"parent":56,"menu_order":0,"comment_status":"closed","ping_status":"closed","template":"","meta":{"footnotes":""},"_links":{"self":[{"href":"https:\/\/hilfe.telekom-cloudcenter.de\/index.php\/wp-json\/wp\/v2\/pages\/95"}],"collection":[{"href":"https:\/\/hilfe.telekom-cloudcenter.de\/index.php\/wp-json\/wp\/v2\/pages"}],"about":[{"href":"https:\/\/hilfe.telekom-cloudcenter.de\/index.php\/wp-json\/wp\/v2\/types\/page"}],"author":[{"embeddable":true,"href":"https:\/\/hilfe.telekom-cloudcenter.de\/index.php\/wp-json\/wp\/v2\/users\/1"}],"replies":[{"embeddable":true,"href":"https:\/\/hilfe.telekom-cloudcenter.de\/index.php\/wp-json\/wp\/v2\/comments?post=95"}],"version-history":[{"count":5,"href":"https:\/\/hilfe.telekom-cloudcenter.de\/index.php\/wp-json\/wp\/v2\/pages\/95\/revisions"}],"predecessor-version":[{"id":126,"href":"https:\/\/hilfe.telekom-cloudcenter.de\/index.php\/wp-json\/wp\/v2\/pages\/95\/revisions\/126"}],"up":[{"embeddable":true,"href":"https:\/\/hilfe.telekom-cloudcenter.de\/index.php\/wp-json\/wp\/v2\/pages\/56"}],"wp:attachment":[{"href":"https:\/\/hilfe.telekom-cloudcenter.de\/index.php\/wp-json\/wp\/v2\/media?parent=95"}],"curies":[{"name":"wp","href":"https:\/\/api.w.org\/{rel}","templated":true}]}}