{"id":97,"date":"2016-10-20T14:48:40","date_gmt":"2016-10-20T14:48:40","guid":{"rendered":"https:\/\/hilfe.telekom-cloudcenter.de\/?page_id=97"},"modified":"2016-10-24T13:09:48","modified_gmt":"2016-10-24T13:09:48","slug":"domain-kundigen","status":"publish","type":"page","link":"https:\/\/hilfe.telekom-cloudcenter.de\/index.php\/domainverwaltung\/domain-kundigen\/","title":{"rendered":"Domain k\u00fcndigen"},"content":{"rendered":"<p>Um eine Domain zu k\u00fcndigen, w\u00e4hlen Sie nach Aufruf der Domaindetails der betreffenden Domain die Schaltfl\u00e4che &#8220;Domain k\u00fcndigen&#8221; und best\u00e4tigen die anschlie\u00dfende Sicherheitsabfrage mit &#8220;Ok&#8221;.<\/p>\n<p>Nach dem Ausl\u00f6sen der K\u00fcndigung muss diese vom Domaininhaber best\u00e4tigt werden, um Missbrauch vorzubeugen. Dazu erh\u00e4lt die als Domaininhaber angegebene Person eine E-Mail mit einem Best\u00e4tigungslink. Erst nach Best\u00e4tigung der K\u00fcndigung \u00fcber diesen Best\u00e4tigungslink wird die Domain gek\u00fcndigt und an die jeweilige Registrierungsstelle (z.B. Denic f\u00fcr .de-Domains) zur\u00fcckgegeben. Sollte die K\u00fcndigung f\u00e4lschlicherweise ausgel\u00f6st worden sein, kann der Domaininhaber diese \u00fcber den Best\u00e4tigungslink auch widerrufen.<\/p>\n<hr \/>\n<p><strong>Domainr\u00fcckgabe bei Vertragsk\u00fcndigung<\/strong><\/p>\n<p>Wenn Sie Ihren Zugang zum Cloud Manager vollst\u00e4ndig k\u00fcndigen (z.B. bei K\u00fcndigung Ihres Exchange Vertrages), werden Ihre registrieren Domains automatisch gek\u00fcndigt. Sie werden\u00a0vor der K\u00fcndigung Ihrer Domains jedoch per E-Mail zum Verbleib der Domains informiert und k\u00f6nnen sich zum Beispiel f\u00fcr die \u00dcbernahme zu einem anderen Provider entscheiden.<\/p>\n","protected":false},"excerpt":{"rendered":"<p>Um eine Domain zu k\u00fcndigen, w\u00e4hlen Sie nach Aufruf der Domaindetails der betreffenden Domain die Schaltfl\u00e4che &#8220;Domain k\u00fcndigen&#8221; und best\u00e4tigen die anschlie\u00dfende Sicherheitsabfrage mit &#8220;Ok&#8221;. Nach dem Ausl\u00f6sen der K\u00fcndigung muss diese vom Domaininhaber best\u00e4tigt werden, um Missbrauch vorzubeugen. Dazu erh\u00e4lt die als Domaininhaber angegebene Person eine E-Mail mit einem Best\u00e4tigungslink. Erst nach Best\u00e4tigung der&#8230; <a href=\"https:\/\/hilfe.telekom-cloudcenter.de\/index.php\/domainverwaltung\/domain-kundigen\/\">read more &raquo;<\/a><\/p>\n","protected":false},"author":1,"featured_media":0,"parent":56,"menu_order":0,"comment_status":"closed","ping_status":"closed","template":"","meta":{"footnotes":""},"_links":{"self":[{"href":"https:\/\/hilfe.telekom-cloudcenter.de\/index.php\/wp-json\/wp\/v2\/pages\/97"}],"collection":[{"href":"https:\/\/hilfe.telekom-cloudcenter.de\/index.php\/wp-json\/wp\/v2\/pages"}],"about":[{"href":"https:\/\/hilfe.telekom-cloudcenter.de\/index.php\/wp-json\/wp\/v2\/types\/page"}],"author":[{"embeddable":true,"href":"https:\/\/hilfe.telekom-cloudcenter.de\/index.php\/wp-json\/wp\/v2\/users\/1"}],"replies":[{"embeddable":true,"href":"https:\/\/hilfe.telekom-cloudcenter.de\/index.php\/wp-json\/wp\/v2\/comments?post=97"}],"version-history":[{"count":4,"href":"https:\/\/hilfe.telekom-cloudcenter.de\/index.php\/wp-json\/wp\/v2\/pages\/97\/revisions"}],"predecessor-version":[{"id":138,"href":"https:\/\/hilfe.telekom-cloudcenter.de\/index.php\/wp-json\/wp\/v2\/pages\/97\/revisions\/138"}],"up":[{"embeddable":true,"href":"https:\/\/hilfe.telekom-cloudcenter.de\/index.php\/wp-json\/wp\/v2\/pages\/56"}],"wp:attachment":[{"href":"https:\/\/hilfe.telekom-cloudcenter.de\/index.php\/wp-json\/wp\/v2\/media?parent=97"}],"curies":[{"name":"wp","href":"https:\/\/api.w.org\/{rel}","templated":true}]}}